{"id":56,"date":"2017-10-29T12:33:32","date_gmt":"2017-10-29T12:33:32","guid":{"rendered":"http:\/\/faust-peters.de\/?page_id=56"},"modified":"2021-02-07T15:51:21","modified_gmt":"2021-02-07T15:51:21","slug":"impressum","status":"publish","type":"page","link":"https:\/\/faust-peters.de\/?page_id=56","title":{"rendered":"Impressum"},"content":{"rendered":"<p><span style=\"font-family: georgia, palatino, serif; font-size: 8pt;\"><strong><img decoding=\"async\" loading=\"lazy\" class=\"wp-image-336 alignright\" src=\"https:\/\/faust-peters.de\/wp-content\/uploads\/2018\/01\/Holger-baut-Fidel-2007-300x225.jpg\" alt=\"\" width=\"440\" height=\"330\" srcset=\"https:\/\/faust-peters.de\/wp-content\/uploads\/2018\/01\/Holger-baut-Fidel-2007-300x225.jpg 300w, https:\/\/faust-peters.de\/wp-content\/uploads\/2018\/01\/Holger-baut-Fidel-2007-768x576.jpg 768w, https:\/\/faust-peters.de\/wp-content\/uploads\/2018\/01\/Holger-baut-Fidel-2007-1024x768.jpg 1024w\" sizes=\"(max-width: 440px) 100vw, 440px\" \/>Impressum<br \/>\n<\/strong><\/span><span style=\"font-family: georgia, palatino, serif; font-size: 8pt;\"><strong>Angaben gem\u00e4\u00df \u00a7 5 TMG:<br \/>\n<\/strong><\/span><span style=\"font-family: georgia, palatino, serif; font-size: 8pt;\">Holger Faust-Peters, <\/span><span style=\"font-family: georgia, palatino, serif; font-size: 8pt;\">Musiker<br \/>\n<\/span><span style=\"font-family: georgia, palatino, serif; font-size: 8pt;\">Huferhof 16<br \/>\n<\/span><span style=\"font-family: georgia, palatino, serif; font-size: 8pt;\">51515 K\u00fcrten<br \/>\n<\/span><span style=\"font-family: georgia, palatino, serif; font-size: 8pt;\"><strong>Kontakt:<br \/>\n<\/strong><\/span><span style=\"font-family: georgia, palatino, serif; font-size: 8pt;\">Telefon: +49 (0) 2207 701571<br \/>\n<\/span><span style=\"font-family: georgia, palatino, serif; font-size: 8pt;\">E-Mail: kontakt@faust-peters.de<\/span><\/p>\n<p><span style=\"font-family: georgia, palatino, serif; font-size: 8pt;\"><strong>Verantwortlich f\u00fcr den Inhalt nach \u00a7 55 Abs. 2 RStV:<br \/>\n<\/strong><\/span><span style=\"font-family: georgia, palatino, serif; font-size: 8pt;\">Holger Faust-Peters<br \/>\n<\/span><span style=\"font-family: georgia, palatino, serif; font-size: 8pt;\">Huferhof 16<br \/>\n<\/span><span style=\"font-family: georgia, palatino, serif; font-size: 8pt;\">51515 K\u00fcrten<br \/>\n<\/span><span style=\"font-family: georgia, palatino, serif; font-size: 8pt;\"><strong>Streitschlichtung<br \/>\n<\/strong><\/span><span style=\"font-family: georgia, palatino, serif; font-size: 8pt;\">Wir sind nicht bereit oder verpflichtet, an Streitbeilegungsverfahren vor einer <\/span><span style=\"font-family: georgia, palatino, serif; font-size: 8pt;\">Verbraucherschlichtungsstelle teilzunehmen.<br \/>\n<\/span><span style=\"font-family: georgia, palatino, serif; font-size: 8pt;\"><strong>Haftung f\u00fcr Inhalte<\/strong><\/span><span style=\"font-family: georgia, palatino, serif; font-size: 8pt;\"><strong><br \/>\n<\/strong><\/span><span style=\"font-family: georgia, palatino, serif; font-size: 8pt;\">Als Diensteanbieter sind wir gem\u00e4\u00df \u00a7 7 Abs.1 TMG f\u00fcr eigene Inhalte auf diesen Seiten nach den <\/span><span style=\"font-family: georgia, palatino, serif; font-size: 8pt;\">allgemeinen Gesetzen verantwortlich. Nach \u00a7\u00a7 8 bis 10 TMG sind wir als Diensteanbieter jedoch nicht <\/span><span style=\"font-family: georgia, palatino, serif; font-size: 8pt;\">verpflichtet, \u00fcbermittelte oder gespeicherte fremde Informationen zu \u00fcberwachen oder nach Umst\u00e4nden <\/span><span style=\"font-family: georgia, palatino, serif; font-size: 8pt;\">zu forschen, die auf eine rechtswidrige T\u00e4tigkeit hinweisen. <\/span><span style=\"font-family: georgia, palatino, serif; font-size: 8pt;\">Verpflichtungen zur Entfernung oder Sperrung der Nutzung von Informationen nach den allgemeinen <\/span><span style=\"font-family: georgia, palatino, serif; font-size: 8pt;\">Gesetzen bleiben hiervon unber\u00fchrt. Eine diesbez\u00fcgliche Haftung ist jedoch erst ab dem Zeitpunkt der <\/span><span style=\"font-family: georgia, palatino, serif; font-size: 8pt;\">Kenntnis einer konkreten Rechtsverletzung m\u00f6glich. Bei Bekanntwerden von entsprechenden <\/span><span style=\"font-family: georgia, palatino, serif; font-size: 8pt;\">Rechtsverletzungen werden wir diese Inhalte umgehend entfernen.<br \/>\n<\/span><span style=\"font-family: georgia, palatino, serif; font-size: 8pt;\"><strong>Haftung f\u00fcr Links<br \/>\n<\/strong><\/span><span style=\"font-family: georgia, palatino, serif; font-size: 8pt;\">Unser Angebot enth\u00e4lt Links zu externen Webseiten Dritter, auf deren Inhalte wir keinen Einfluss haben. <\/span><span style=\"font-family: georgia, palatino, serif; font-size: 8pt;\">Deshalb k\u00f6nnen wir f\u00fcr diese fremden Inhalte auch keine Gew\u00e4hr \u00fcbernehmen. F\u00fcr die Inhalte der <\/span><span style=\"font-family: georgia, palatino, serif; font-size: 8pt;\">verlinkten Seiten ist stets der jeweilige Anbieter oder Betreiber der Seiten verantwortlich. Die verlinkten <\/span><span style=\"font-family: georgia, palatino, serif; font-size: 8pt;\">Seiten wurden zum Zeitpunkt der Verlinkung auf m\u00f6gliche Rechtsverst\u00f6\u00dfe \u00fcberpr\u00fcft. Rechtswidrige <\/span><span style=\"font-family: georgia, palatino, serif; font-size: 8pt;\">Inhalte waren zum Zeitpunkt der Verlinkung nicht erkennbar. <\/span><span style=\"font-family: georgia, palatino, serif; font-size: 8pt;\">Eine permanente inhaltliche Kontrolle der verlinkten Seiten ist jedoch ohne konkrete Anhaltspunkte einer <\/span><span style=\"font-family: georgia, palatino, serif; font-size: 8pt;\">Rechtsverletzung nicht zumutbar. Bei Bekanntwerden von Rechtsverletzungen werden wir derartige Links <\/span><span style=\"font-family: georgia, palatino, serif; font-size: 8pt;\">umgehend entfernen.<br \/>\n<\/span><span style=\"font-family: georgia, palatino, serif; font-size: 8pt;\"><strong>Urheberrecht<br \/>\n<\/strong><\/span><span style=\"font-family: georgia, palatino, serif; font-size: 8pt;\">Die durch die Seitenbetreiber erstellten Inhalte und Werke auf diesen Seiten unterliegen dem deutschen <\/span><span style=\"font-family: georgia, palatino, serif; font-size: 8pt;\">Urheberrecht. Die Vervielf\u00e4ltigung, Bearbeitung, Verbreitung und jede Art der Verwertung au\u00dferhalb der <\/span><span style=\"font-family: georgia, palatino, serif; font-size: 8pt;\">Grenzen des Urheberrechtes bed\u00fcrfen der schriftlichen Zustimmung des jeweiligen Autors bzw. <\/span><span style=\"font-family: georgia, palatino, serif; font-size: 8pt;\">Erstellers. Downloads und Kopien dieser Seite sind nur f\u00fcr den privaten, nicht kommerziellen Gebrauch <\/span><span style=\"font-family: georgia, palatino, serif; font-size: 8pt;\">gestattet. <\/span><span style=\"font-family: georgia, palatino, serif; font-size: 8pt;\">Soweit die Inhalte auf dieser Seite nicht vom Betreiber erstellt wurden, werden die Urheberrechte Dritter <\/span><span style=\"font-family: georgia, palatino, serif; font-size: 8pt;\">beachtet. Insbesondere werden Inhalte Dritter als solche gekennzeichnet. Sollten Sie trotzdem auf eine <\/span><span style=\"font-family: georgia, palatino, serif; font-size: 8pt;\">Urheberrechtsverletzung aufmerksam werden, bitten wir um einen entsprechenden Hinweis. Bei <\/span><span style=\"font-family: georgia, palatino, serif; font-size: 8pt;\">Bekanntwerden von Rechtsverletzungen werden wir derartige Inhalte umgehend entfernen.<br \/>\n<\/span><span style=\"font-family: georgia, palatino, serif; font-size: 8pt;\">Quelle: eRecht24<br \/>\n<\/span><span style=\"font-family: georgia, palatino, serif; font-size: 8pt;\"><strong>Datenschutzerkl\u00e4rung<br \/>\n<\/strong><\/span><span style=\"font-family: georgia, palatino, serif; font-size: 8pt;\"><strong>Datenschutz<br \/>\n<\/strong><\/span><span style=\"font-family: georgia, palatino, serif; font-size: 8pt;\">Die Betreiber dieser Seiten nehmen den Schutz Ihrer pers\u00f6nlichen Daten sehr ernst. Wir behandeln Ihre <\/span><span style=\"font-family: georgia, palatino, serif; font-size: 8pt;\">personenbezogenen Daten vertraulich und entsprechend der gesetzlichen Datenschutzvorschriften sowie <\/span><span style=\"font-family: georgia, palatino, serif; font-size: 8pt;\">dieser Datenschutzerkl\u00e4rung. <\/span><span style=\"font-family: georgia, palatino, serif; font-size: 8pt;\">Die Nutzung unserer Webseite ist in der Regel ohne Angabe personenbezogener Daten m\u00f6glich. Soweit <\/span><span style=\"font-family: georgia, palatino, serif; font-size: 8pt;\">auf unseren Seiten personenbezogene Daten (beispielsweise Name, Anschrift oder E-Mail-Adressen) <\/span><span style=\"font-family: georgia, palatino, serif; font-size: 8pt;\">erhoben werden, erfolgt dies, soweit m\u00f6glich, stets auf freiwilliger Basis. Diese Daten werden ohne Ihre <\/span><span style=\"font-family: georgia, palatino, serif; font-size: 8pt;\">ausdr\u00fcckliche Zustimmung nicht an Dritte weitergegeben. <\/span><span style=\"font-family: georgia, palatino, serif; font-size: 8pt;\">Wir weisen darauf hin, dass die Daten\u00fcbertragung im Internet (z.B. bei der Kommunikation per E-Mail) <\/span><span style=\"font-family: georgia, palatino, serif; font-size: 8pt;\">Sicherheitsl\u00fccken aufweisen kann. Ein l\u00fcckenloser Schutz der Daten vor dem Zugriff durch Dritte ist nicht <\/span><span style=\"font-family: georgia, palatino, serif; font-size: 8pt;\">m\u00f6glich.<br \/>\n<\/span><span style=\"font-family: georgia, palatino, serif; font-size: 8pt;\"><strong>Kontaktformular<br \/>\n<\/strong><\/span><span style=\"font-family: georgia, palatino, serif; font-size: 8pt;\">Wenn Sie uns per Kontaktformular Anfragen zukommen lassen, werden Ihre Angaben aus dem <\/span><span style=\"font-family: georgia, palatino, serif; font-size: 8pt;\">Anfrageformular inklusive der von Ihnen dort angegebenen Kontaktdaten zwecks Bearbeitung der <\/span><span style=\"font-family: georgia, palatino, serif; font-size: 8pt;\">Anfrage und f\u00fcr den Fall von Anschlussfragen bei uns gespeichert. Diese Daten geben wir nicht ohne Ihre <\/span><span style=\"font-family: georgia, palatino, serif; font-size: 8pt;\">Einwilligung weiter.<br \/>\n<\/span><span style=\"font-family: georgia, palatino, serif; font-size: 8pt;\"><strong>Newsletterdaten<br \/>\n<\/strong><\/span><span style=\"font-family: georgia, palatino, serif; font-size: 8pt;\">Wenn Sie den auf der Webseite angebotenen Newsletter beziehen m\u00f6chten, ben\u00f6tigen wir von Ihnen <\/span><span style=\"font-family: georgia, palatino, serif; font-size: 8pt;\">eine E-Mail-Adresse sowie Informationen, welche uns die \u00dcberpr\u00fcfung gestatten, dass Sie der Inhaber <\/span><span style=\"font-family: georgia, palatino, serif; font-size: 8pt;\">der angegebenen E-Mail-Adresse sind und mit dem Empfang des Newsletters einverstanden sind. <\/span><span style=\"font-family: georgia, palatino, serif; font-size: 8pt;\">Weitere Daten werden nicht erhoben. Diese Daten verwenden wir ausschlie\u00dflich f\u00fcr den Versand der <\/span><span style=\"font-family: georgia, palatino, serif; font-size: 8pt;\">angeforderten Informationen und geben sie nicht an Dritte weiter. <\/span><span style=\"font-family: georgia, palatino, serif; font-size: 8pt;\">Die erteilte Einwilligung zur Speicherung der Daten, der E-Mail-Adresse sowie deren Nutzung zum <\/span><span style=\"font-family: georgia, palatino, serif; font-size: 8pt;\">Versand des Newsletters k\u00f6nnen Sie jederzeit widerrufen, etwa \u00fcber den &#8222;Austragen&#8220;-Link im Newsletter.<br \/>\n<\/span><span style=\"font-family: georgia, palatino, serif; font-size: 8pt;\"><strong>Facebook-Plugins (Like-Button)<br \/>\n<\/strong><\/span><span style=\"font-family: georgia, palatino, serif; font-size: 8pt;\">Auf unseren Seiten sind Plugins des sozialen Netzwerks Facebook, Anbieter Facebook Inc., 1 Hacker <\/span><span style=\"font-family: georgia, palatino, serif; font-size: 8pt;\">Way, Menlo Park, California 94025, USA, integriert. Die Facebook-Plugins erkennen Sie an dem <\/span><span style=\"font-family: georgia, palatino, serif; font-size: 8pt;\">Facebook-Logo oder dem &#8222;Like-Button&#8220; (&#8222;Gef\u00e4llt mir&#8220;) auf unserer Seite. Eine \u00dcbersicht \u00fcber die <\/span><span style=\"font-family: georgia, palatino, serif; font-size: 8pt;\">Facebook-Plugins finden Sie hier: http:\/\/developers.facebook.com\/docs\/plugins\/. <\/span><span style=\"font-family: georgia, palatino, serif; font-size: 8pt;\">Wenn Sie unsere Seiten besuchen, wird \u00fcber das Plugin eine direkte Verbindung zwischen Ihrem <\/span><span style=\"font-family: georgia, palatino, serif; font-size: 8pt;\">Browser und dem Facebook-Server hergestellt. Facebook erh\u00e4lt dadurch die Information, dass Sie mit <\/span><span style=\"font-family: georgia, palatino, serif; font-size: 8pt;\">Ihrer IP-Adresse unsere Seite besucht haben. Wenn Sie den Facebook &#8222;Like-Button&#8220; anklicken w\u00e4hrend <\/span><span style=\"font-family: georgia, palatino, serif; font-size: 8pt;\">Sie in Ihrem Facebook-Account eingeloggt sind, k\u00f6nnen Sie die Inhalte unserer Seiten auf Ihrem <\/span><span style=\"font-family: georgia, palatino, serif; font-size: 8pt;\">Facebook-Profil verlinken. Dadurch kann Facebook den Besuch unserer Seiten Ihrem Benutzerkonto <\/span><span style=\"font-family: georgia, palatino, serif; font-size: 8pt;\">zuordnen. Wir weisen darauf hin, dass wir als Anbieter der Seiten keine Kenntnis vom Inhalt der <\/span><span style=\"font-family: georgia, palatino, serif; font-size: 8pt;\">\u00fcbermittelten Daten sowie deren Nutzung durch Facebook erhalten. Weitere Informationen hierzu finden <\/span><span style=\"font-family: georgia, palatino, serif; font-size: 8pt;\">Sie in der Datenschutzerkl\u00e4rung von Facebook unter http:\/\/de-de.facebook.com\/policy.php. <\/span><span style=\"font-family: georgia, palatino, serif; font-size: 8pt;\">Wenn Sie nicht w\u00fcnschen, dass Facebook den Besuch unserer Seiten Ihrem Facebook-Nutzerkonto <\/span><span style=\"font-family: georgia, palatino, serif; font-size: 8pt;\">zuordnen kann, loggen Sie sich bitte aus Ihrem Facebook-Benutzerkonto aus.<br \/>\n<\/span><span style=\"font-family: georgia, palatino, serif; font-size: 8pt;\"><strong>YouTube<br \/>\n<\/strong><\/span><span style=\"font-family: georgia, palatino, serif; font-size: 8pt;\">Unsere Webseite nutzt Plugins der von Google betriebenen Seite YouTube. Betreiber der Seiten ist die <\/span><span style=\"font-family: georgia, palatino, serif; font-size: 8pt;\">YouTube, LLC, 901 Cherry Ave., San Bruno, CA 94066, USA. Wenn Sie eine unserer mit einem YouTube- <\/span><span style=\"font-family: georgia, palatino, serif; font-size: 8pt;\">Plugin ausgestatteten Seiten besuchen, wird eine Verbindung zu den Servern von YouTube hergestellt. <\/span><span style=\"font-family: georgia, palatino, serif; font-size: 8pt;\">Dabei wird dem Youtube-Server mitgeteilt, welche unserer Seiten Sie besucht haben. <\/span><span style=\"font-family: georgia, palatino, serif; font-size: 8pt;\">Wenn Sie in Ihrem YouTube-Account eingeloggt sind erm\u00f6glichen Sie YouTube, Ihr Surfverhalten direkt <\/span><span style=\"font-family: georgia, palatino, serif; font-size: 8pt;\">Ihrem pers\u00f6nlichen Profil zuzuordnen. Dies k\u00f6nnen Sie verhindern, indem Sie sich aus Ihrem YouTube- <\/span><span style=\"font-family: georgia, palatino, serif; font-size: 8pt;\">Account ausloggen. <\/span><span style=\"font-family: georgia, palatino, serif; font-size: 8pt;\">Weitere Informationen zum Umgang von Nutzerdaten finden Sie in der Datenschutzerkl\u00e4rung von <\/span><span style=\"font-family: georgia, palatino, serif; font-size: 8pt;\">YouTube unter: https:\/\/www.google.de\/intl\/de\/policies\/privacy<br \/>\n<\/span><span style=\"font-family: georgia, palatino, serif; font-size: 8pt;\"><strong>Widerspruch Werbe-Mails<br \/>\n<\/strong><\/span><span style=\"font-family: georgia, palatino, serif; font-size: 8pt;\">Der Nutzung von im Rahmen der Impressumspflicht ver\u00f6ffentlichten Kontaktdaten zur \u00dcbersendung von <\/span><span style=\"font-family: georgia, palatino, serif; font-size: 8pt;\">nicht ausdr\u00fccklich angeforderter Werbung und Informationsmaterialien wird hiermit widersprochen. Die <\/span><span style=\"font-family: georgia, palatino, serif; font-size: 8pt;\">Betreiber der Seiten behalten sich ausdr\u00fccklich rechtliche Schritte im Falle der unverlangten Zusendung <\/span><span style=\"font-family: georgia, palatino, serif; font-size: 8pt;\">von Werbeinformationen, etwa durch Spam-E-Mails, vor. <\/span><span style=\"font-family: georgia, palatino, serif; font-size: 8pt;\">Quelle: https:\/\/www.e-recht24.de\/muster-datenschutzerklaerung.html<br \/>\n<\/span><\/p>\n","protected":false},"excerpt":{"rendered":"<p>Impressum Angaben gem\u00e4\u00df \u00a7 5 TMG: Holger Faust-Peters, Musiker Huferhof 16 51515 K\u00fcrten Kontakt: Telefon: +49 (0) 2207 701571 E-Mail: kontakt@faust-peters.de Verantwortlich f\u00fcr den Inhalt nach \u00a7 55 Abs. 2 RStV: Holger Faust-Peters Huferhof 16 51515 K\u00fcrten Streitschlichtung Wir sind nicht bereit oder verpflichtet, an Streitbeilegungsverfahren vor einer Verbraucherschlichtungsstelle teilzunehmen. Haftung f\u00fcr Inhalte Als Diensteanbieter &hellip; <a href=\"https:\/\/faust-peters.de\/?page_id=56\" class=\"more-link\"><span class=\"screen-reader-text\">Impressum<\/span> weiterlesen<\/a><\/p>\n","protected":false},"author":1,"featured_media":0,"parent":0,"menu_order":0,"comment_status":"closed","ping_status":"closed","template":"","meta":[],"_links":{"self":[{"href":"https:\/\/faust-peters.de\/index.php?rest_route=\/wp\/v2\/pages\/56"}],"collection":[{"href":"https:\/\/faust-peters.de\/index.php?rest_route=\/wp\/v2\/pages"}],"about":[{"href":"https:\/\/faust-peters.de\/index.php?rest_route=\/wp\/v2\/types\/page"}],"author":[{"embeddable":true,"href":"https:\/\/faust-peters.de\/index.php?rest_route=\/wp\/v2\/users\/1"}],"replies":[{"embeddable":true,"href":"https:\/\/faust-peters.de\/index.php?rest_route=%2Fwp%2Fv2%2Fcomments&post=56"}],"version-history":[{"count":9,"href":"https:\/\/faust-peters.de\/index.php?rest_route=\/wp\/v2\/pages\/56\/revisions"}],"predecessor-version":[{"id":497,"href":"https:\/\/faust-peters.de\/index.php?rest_route=\/wp\/v2\/pages\/56\/revisions\/497"}],"wp:attachment":[{"href":"https:\/\/faust-peters.de\/index.php?rest_route=%2Fwp%2Fv2%2Fmedia&parent=56"}],"curies":[{"name":"wp","href":"https:\/\/api.w.org\/{rel}","templated":true}]}}