{"id":524,"date":"2022-12-29T14:26:18","date_gmt":"2022-12-29T14:26:18","guid":{"rendered":"http:\/\/faust-peters.de\/?page_id=524"},"modified":"2024-03-26T21:10:11","modified_gmt":"2024-03-26T21:10:11","slug":"termine-2023","status":"publish","type":"page","link":"https:\/\/faust-peters.de\/?page_id=524","title":{"rendered":"Termine 2023"},"content":{"rendered":"<p><span style=\"font-family: georgia, palatino, serif; color: #ff6600; font-size: 14pt;\">Januar<\/span><br \/>\n<span style=\"font-family: georgia, palatino, serif;\">Sonntag, 15.1.2023 um 17 Uhr, Erl\u00f6serkirche Hilden, Sankt-Konrad-Allee 76A<\/span><br \/>\n<span style=\"font-family: georgia, palatino, serif;\">Weihnachtliche musikalische Andacht an der Krippe mit Werken vorwiegend aus dem Mittelalter.<\/span><br \/>\n<span style=\"font-family: georgia, palatino, serif;\">Fortuna Canta: Stefanie Brijoux: Sopran und Harfe, Ute Faust: Blockfl\u00f6te und Fidel, Holger Faust-Peters, Fidel und Organetto<br \/>\n<\/span><\/p>\n<p><span style=\"font-family: georgia, palatino, serif; font-size: 14pt; color: #ff6600;\">Februar<\/span><br \/>\nSamstag, 4.2. um 19.30 Uhr, Vers\u00f6hnungskirche K\u00f6ln Holweide, Buschfeldstra\u00dfe 30<br \/>\nBach und P\u00e4rt<br \/>\n2 Sonaten f\u00fcr Viola da gamba und obligates Cembalo des Gro\u00dfmeisters Johann Sebastian Bach werden den Werken Fratres und Spiegel im Spiegel f\u00fcr Cello und Fl\u00fcgel von Arvo P\u00e4rt gegen\u00fcbergestellt.<br \/>\n<em>focus baroque<\/em>: Holger Faust-Peters: Gambe und Cello, Ir\u00e9n Lill, Cembalo und Fl\u00fcgel<\/p>\n<p><span style=\"font-family: georgia, palatino, serif;\">Sonntag, 5.2.2023 um\u00a0 18.00 Uhr, Zeltkirche Kippekausen, Friedhofsweg 9, Bergisch Gladbach- Refrath<\/span><br \/>\n<span style=\"font-family: georgia, palatino, serif;\">Vespergottesdienst mit Musik f\u00fcr 4 Celli bzw. 3 Celli und Klavier<\/span><br \/>\n<span style=\"font-family: georgia, palatino, serif;\">Werke von Arvo P\u00e4rt, David Popper und Johannes Brahms<\/span><br \/>\n<span style=\"font-family: georgia, palatino, serif;\">Ingrid Frohm\u00fcller-Seidel, J\u00fcrgen von Sch\u00f6nfeld, Holger Faust-Peters: Cello und Peter Henn: Cello und Klavier<\/span><\/p>\n<p><span style=\"font-family: georgia, palatino, serif;\">Sonntag, 26.2.2023 um 17 Uhr, Ratssaal Bensberg, Wilhelm-Wagner-Platz<\/span><br \/>\n<span style=\"font-family: georgia, palatino, serif;\">Benefizkonzert<\/span><br \/>\n<span style=\"font-family: georgia, palatino, serif;\">5 Celli, 5 Barockcelli und 2 Gamben<\/span><br \/>\n<span style=\"font-family: georgia, palatino, serif;\">Musik f\u00fcr 2-5 tiefe Streicher durch die Jahrhunderte. Werke u.a. von Corette, Boismortier, Casals, Apocalyptica, Schubert.<\/span><br \/>\n<span style=\"font-family: georgia, palatino, serif;\">Miriam Griess, Sonja Asselhofen und Elisabeth Wand: Cello und Barockcello, Ruth Lehmann und Holger Faust-Peters: Gambe, Cello und Barockcello.<\/span><\/p>\n<p><span style=\"font-family: georgia, palatino, serif; font-size: 14pt; color: #ff6600;\">M\u00e4rz<\/span><\/p>\n<p><span style=\"font-family: georgia, palatino, serif;\">12.3.2023 um 15 Uhr, Kloster Springiersbach, 54538 Bengel<\/span><br \/>\n<span style=\"font-family: georgia, palatino, serif;\">G\u00e4rtner der Musik &#8211; Kammermusik von Georg Philipp Telemann<\/span><br \/>\n<span style=\"font-family: georgia, palatino, serif;\">Lucia Mense: Block- und Traversfl\u00f6te, Holger Faust-Peters: Viola da gamba und Barockcello &#8211; Alexander Puliaev: Cembalo<\/span><br \/>\n<span style=\"font-family: georgia, palatino, serif;\"><a href=\"https:\/\/www.opern-studienreisen.de\/konzerte.html\">mehr<\/a><\/span><\/p>\n<p><span style=\"font-family: georgia, palatino, serif; font-size: 14pt; color: #ff6600;\">April<\/span><\/p>\n<p><span style=\"font-family: georgia, palatino, serif;\">Samstag, 29.4.2023 um 18.00 Uhr, theas Theater Bergisch Gladbach, Jacobstr. 103<\/span><br \/>\n<span style=\"font-family: georgia, palatino, serif;\">Die Innenseite des Gl\u00fccks<\/span><br \/>\n<span style=\"font-family: georgia, palatino, serif;\">Szenisches H\u00f6rspiel von Heinz D. Haun<\/span><br \/>\n<span style=\"font-family: georgia, palatino, serif;\">Musik: Holger Faust-Peters, Cello<\/span><br \/>\n<span style=\"font-family: georgia, palatino, serif;\"><a href=\"https:\/\/www.theas.de\/theater\/spielplan\/\">mehr<\/a><\/span><\/p>\n<p><span style=\"font-family: georgia, palatino, serif;\">Sonntag, 30.4.2023 um 20.00 Uhr, theas Theater Bergisch Gladbach, Jacobstr. 103<\/span><br \/>\n<span style=\"font-family: georgia, palatino, serif;\">Die Innenseite des Gl\u00fccks<\/span><br \/>\n<span style=\"font-family: georgia, palatino, serif;\">Szenisches H\u00f6rspiel von Heinz D. Haun<\/span><br \/>\n<span style=\"font-family: georgia, palatino, serif;\">Musik: Holger Faust-Peters, Cello<\/span><br \/>\n<span style=\"font-family: georgia, palatino, serif;\"><a href=\"https:\/\/www.theas.de\/theater\/spielplan\/\">mehr<\/a><\/span><\/p>\n<p><span style=\"font-family: georgia, palatino, serif; color: #ff6600; font-size: 14pt;\">Mai<\/span><\/p>\n<p><span style=\"font-family: georgia, palatino, serif; font-size: 14pt;\">Samstag, 27. 5. 2023, 18 Uhr | Galerie am Schloss, Schlossstra\u00dfe 10, 50321 Br\u00fchl<\/span><br \/>\n<span style=\"font-family: georgia, palatino, serif; font-size: 14pt;\">Die Innenseite des Gl\u00fccks<\/span><br \/>\n<span style=\"font-family: georgia, palatino, serif; font-size: 14pt;\">Szenisches H\u00f6rspiel von Heinz D. Haun<\/span><br \/>\n<span style=\"font-family: georgia, palatino, serif; font-size: 14pt;\">Musik: Holger Faust-Peters, Cello<\/span><\/p>\n<p><span style=\"font-family: georgia, palatino, serif; color: #ff6600; font-size: 14pt;\">Juni<\/span><\/p>\n<p><span style=\"font-family: georgia, palatino, serif;\">Sonnt<span style=\"font-size: 14pt;\">ag, 18.6.2023 um 17 Uhr, Aula des Schulzentrums Kleefeld, Bergisch Gladbach<\/span><\/span><br \/>\n<span style=\"font-family: georgia, palatino, serif; font-size: 14pt;\">Orchesterkonzert aller Streichorchester der Max-Bruch-Musikschule<\/span><br \/>\n<span style=\"font-family: georgia, palatino, serif; font-size: 14pt;\">Werke u.a. von F.X. Richter. Gesamtleitung: Holger Faust-Peters<\/span><\/p>\n<p><span style=\"font-family: georgia, palatino, serif; font-size: 14pt;\"><del>Sonntag, 25.6. um 17 Uhr, Melanchthonkirche Hamburg, Ebertallee 30<\/del><br \/>\n<span style=\"color: #ff0000;\">Abgesagt wegen Krankheit, neuer Termin wird bekannt gegeben!<\/span><\/span><br \/>\n<del><span style=\"font-family: georgia, palatino, serif; font-size: 14pt;\">Release-Konzert der CD FORTUNE OBSCURE<\/span><\/del><br \/>\n<del><span style=\"font-family: georgia, palatino, serif; font-size: 14pt;\">Ars subtilior &#8211; Werke aus dem Codex Chantilly (um 1400)<\/span><\/del><br \/>\n<span style=\"font-family: georgia, palatino, serif; font-size: 14pt;\"><del>Fortuna Canta: Stefanie Brijoux: Sopran und Harfe, Katrin Krau\u00df-Brandi: Blockfl\u00f6te, Ute Faust: Fidel und Blockfl\u00f6te, Holger Faust-Peters, Fidel und Organetto<\/del> <\/span><\/p>\n<p><span style=\"font-size: 14pt; color: #ff6600; font-family: georgia, palatino, serif;\">Juli<\/span><\/p>\n<p><span style=\"font-size: 14pt;\"><span style=\"font-family: georgia, palatino, serif;\">Sonntag,<\/span> 2. Juli, 19 Uhr, Kulturzentrum Lindlar<\/span><br \/>\n<span style=\"font-size: 14pt; font-family: georgia, palatino, serif;\">Bach und P\u00e4rt<\/span><br \/>\n<span style=\"font-size: 14pt; font-family: georgia, palatino, serif;\">2 Sonaten f\u00fcr Viola da gamba und obligates Cembalo des Gro\u00dfmeisters Johann Sebastian Bach werden den Werken Fratres und Spiegel im Spiegel f\u00fcr Cello und Fl\u00fcgel von Arvo P\u00e4rt gegen\u00fcbergestellt.<\/span><br \/>\n<span style=\"font-size: 14pt; font-family: georgia, palatino, serif;\"><em>focus baroque<\/em>: Holger Faust-Peters: Gambe und Cello, Ir\u00e9n Lill, Cembalo und Fl\u00fcgel<\/span><br \/>\n<span style=\"font-size: 14pt; font-family: georgia, palatino, serif;\"><a href=\"https:\/\/www.klavierfestival-lindlar.de\/programm\/\">mehr<\/a><\/span><\/p>\n<p><span style=\"font-size: 14pt; font-family: georgia, palatino, serif;\">Montag, 3. Juli, 19 Uhr, St. Nikolaus, Wipperf\u00fcrth<\/span><br \/>\n<span style=\"font-size: 14pt; font-family: georgia, palatino, serif;\">Bach und P\u00e4rt<\/span><br \/>\n<span style=\"font-size: 14pt; font-family: georgia, palatino, serif;\">2 Sonaten f\u00fcr Viola da gamba und obligates Cembalo des Gro\u00dfmeisters Johann Sebastian Bach werden den Werken Fratres und Spiegel im Spiegel f\u00fcr Cello und Fl\u00fcgel von Arvo P\u00e4rt gegen\u00fcbergestellt.<\/span><br \/>\n<span style=\"font-family: georgia, palatino, serif;\"><em>focus <span style=\"font-family: georgia, palatino, serif; font-size: 14pt;\">baroque<\/span><\/em><span style=\"font-size: 14pt;\">:<\/span> Holger Faust-Peters: Gambe und Cello, Ir\u00e9n Lill, Cembalo und Fl\u00fcgel<\/span><br \/>\n<span style=\"font-family: georgia, palatino, serif;\"><a href=\"https:\/\/www.klavierfestival-lindlar.de\/programm\/\">mehr<\/a><\/span><\/p>\n<p><span style=\"font-family: georgia, palatino, serif; font-size: 14pt; color: #ff6600;\">August<\/span><\/p>\n<p>17.8.2023, 19 Uhr, B\u00fcrgerhaus Bergischer L\u00f6we, Bergisch Gladbach<br \/>\nDEEP FIVE im Rahmen des Bergisch Gladbacher Kultursommers<br \/>\n5 Celli und 5 Barockcelli<br \/>\nMusik f\u00fcr 2-5 Celli durch die Jahrhunderte. Werke u.a. von Telemann, Boismortier, Casals, Apocalyptica, Schubert.<br \/>\nMiriam Griess, Sonja Asselhofen, Elisabeth Wand, Ruth Lehmann und Holger Faust-Peters: Cello und Barockcello.<br \/>\nEintritt frei, Kartenreservierung empfohlen unter 02202-294618<\/p>\n<p><span style=\"color: #ff6600; font-family: georgia, palatino, serif; font-size: 14pt;\">September<\/span><\/p>\n<p><span style=\"font-family: georgia, palatino, serif; font-size: 14pt;\">24.9.2023, 17 Uhr, Tanzsaal Norhausen, Felderstr. 17, 51371 Leverkusen<\/span><br \/>\n<span style=\"font-family: georgia, palatino, serif; font-size: 14pt;\">Die Innenseite des Gl\u00fccks<\/span><br \/>\n<span style=\"font-family: georgia, palatino, serif; font-size: 14pt;\">Szenisches H\u00f6rspiel von Heinz D. Haun<\/span><br \/>\n<span style=\"font-family: georgia, palatino, serif; font-size: 14pt;\">Musik: Holger Faust-Peters, Cello<\/span><\/p>\n<p><span style=\"font-family: georgia, palatino, serif; font-size: 14pt;\">30.9.2023, 19.30, St. Pankratius, Altenberger-Dom-Str. 51, 51519 Altenberg<\/span><br \/>\n<span style=\"font-family: georgia, palatino, serif; font-size: 14pt;\">Musik f\u00fcr 2 Gamben von Telemann, Schaffrath und Schenck<\/span><br \/>\n<span style=\"font-family: georgia, palatino, serif; font-size: 14pt;\">Er\u00f6ffnungskonzert des Altenberger Herbstkurses f\u00fcr Alte Musik<\/span><br \/>\n<span style=\"font-family: georgia, palatino, serif; font-size: 14pt;\">Frauke Hess und Holger Faust-Peters, Gambe<\/span><\/p>\n","protected":false},"excerpt":{"rendered":"<p>Januar Sonntag, 15.1.2023 um 17 Uhr, Erl\u00f6serkirche Hilden, Sankt-Konrad-Allee 76A Weihnachtliche musikalische Andacht an der Krippe mit Werken vorwiegend aus dem Mittelalter. Fortuna Canta: Stefanie Brijoux: Sopran und Harfe, Ute Faust: Blockfl\u00f6te und Fidel, Holger Faust-Peters, Fidel und Organetto Februar Samstag, 4.2. um 19.30 Uhr, Vers\u00f6hnungskirche K\u00f6ln Holweide, Buschfeldstra\u00dfe 30 Bach und P\u00e4rt 2 Sonaten &hellip; <a href=\"https:\/\/faust-peters.de\/?page_id=524\" class=\"more-link\"><span class=\"screen-reader-text\">Termine 2023<\/span> weiterlesen<\/a><\/p>\n","protected":false},"author":1,"featured_media":0,"parent":0,"menu_order":0,"comment_status":"closed","ping_status":"closed","template":"","meta":[],"_links":{"self":[{"href":"https:\/\/faust-peters.de\/index.php?rest_route=\/wp\/v2\/pages\/524"}],"collection":[{"href":"https:\/\/faust-peters.de\/index.php?rest_route=\/wp\/v2\/pages"}],"about":[{"href":"https:\/\/faust-peters.de\/index.php?rest_route=\/wp\/v2\/types\/page"}],"author":[{"embeddable":true,"href":"https:\/\/faust-peters.de\/index.php?rest_route=\/wp\/v2\/users\/1"}],"replies":[{"embeddable":true,"href":"https:\/\/faust-peters.de\/index.php?rest_route=%2Fwp%2Fv2%2Fcomments&post=524"}],"version-history":[{"count":19,"href":"https:\/\/faust-peters.de\/index.php?rest_route=\/wp\/v2\/pages\/524\/revisions"}],"predecessor-version":[{"id":575,"href":"https:\/\/faust-peters.de\/index.php?rest_route=\/wp\/v2\/pages\/524\/revisions\/575"}],"wp:attachment":[{"href":"https:\/\/faust-peters.de\/index.php?rest_route=%2Fwp%2Fv2%2Fmedia&parent=524"}],"curies":[{"name":"wp","href":"https:\/\/api.w.org\/{rel}","templated":true}]}}