{"id":52,"date":"2017-10-29T12:34:10","date_gmt":"2017-10-29T12:34:10","guid":{"rendered":"http:\/\/faust-peters.de\/?page_id=52"},"modified":"2023-05-19T09:04:52","modified_gmt":"2023-05-19T09:04:52","slug":"partner","status":"publish","type":"page","link":"https:\/\/faust-peters.de\/?page_id=52","title":{"rendered":"Partner"},"content":{"rendered":"<h2><span style=\"font-family: georgia, palatino, serif;\"><img decoding=\"async\" loading=\"lazy\" class=\" wp-image-334 alignleft\" src=\"https:\/\/faust-peters.de\/wp-content\/uploads\/2018\/01\/Gambenbild-Anni-2-300x282.jpg\" alt=\"\" width=\"422\" height=\"397\" srcset=\"https:\/\/faust-peters.de\/wp-content\/uploads\/2018\/01\/Gambenbild-Anni-2-300x282.jpg 300w, https:\/\/faust-peters.de\/wp-content\/uploads\/2018\/01\/Gambenbild-Anni-2-768x722.jpg 768w, https:\/\/faust-peters.de\/wp-content\/uploads\/2018\/01\/Gambenbild-Anni-2-1024x962.jpg 1024w, https:\/\/faust-peters.de\/wp-content\/uploads\/2018\/01\/Gambenbild-Anni-2.jpg 1375w\" sizes=\"(max-width: 422px) 100vw, 422px\" \/><\/span><\/h2>\n<h2><span style=\"font-family: georgia, palatino, serif;\">K\u00fcnstler\/ Verb\u00e4nde<br \/>\n<\/span><\/h2>\n<ul>\n<li>zamus &#8211; Zentrum f\u00fcr Alte Musik K\u00f6ln | <a href=\"https:\/\/www.zamus.de\/\">zamus<\/a><\/li>\n<li><span style=\"font-family: georgia, palatino, serif;\">Katrin Krau\u00df | <a href=\"http:\/\/www.katrinkrauss.de\/Katrin_Krau\/Start.html\">www.katrinkrauss.de<\/a><\/span><\/li>\n<li><span style=\"font-family: georgia, palatino, serif;\">Stefanie Brijoux | <a href=\"https:\/\/www.stefaniebrijoux.de\">www.stefaniebrijoux.de<\/a><\/span><\/li>\n<li><span style=\"font-family: georgia, palatino, serif;\">Andr\u00e9 Henrich | <a href=\"http:\/\/www.andrehenrich.com\">www.andrehenrich.com<\/a><\/span><\/li>\n<li><span style=\"font-family: georgia, palatino, serif;\">Mareike Greb | <a href=\"https:\/\/www.facebook.com\/mareike.greb\">www.facebook.com\/mareike.greb<\/a><\/span><\/li>\n<li><span style=\"font-family: georgia, palatino, serif;\">Thomas K\u00fcgler | <a href=\"http:\/\/thomaskuegler.com\">thomaskuegler.com<\/a><\/span><\/li>\n<li><span style=\"font-family: georgia, palatino, serif;\">Sofia Diniz | <a href=\"http:\/\/sofiadiniz.com\">sofiadiniz.com\/<\/a><\/span><\/li>\n<li><span style=\"font-family: georgia, palatino, serif;\">Stephan Schardt | <a href=\"http:\/\/www.stephanschardt.de\">www.stephanschardt.de<\/a><\/span><\/li>\n<\/ul>\n<h2><span style=\"font-family: georgia, palatino, serif;\">Ensembles<\/span><\/h2>\n<ul>\n<li><span style=\"font-family: georgia, palatino, serif;\">Fortuna Canta | <a href=\"https:\/\/www.fortuna-canta.de\">www.fortuna-canta.de<\/a><\/span><\/li>\n<li>focus baroque | <a href=\"https:\/\/faust-peters.de\/?page_id=40\">focus baroque<\/a><\/li>\n<li>pellegrino | <a href=\"https:\/\/faust-peters.de\/?page_id=136\">pellegrino<\/a><\/li>\n<li>gemini | <a href=\"https:\/\/faust-peters.de\/?page_id=141\">gemini<\/a><\/li>\n<li><span style=\"font-family: georgia, palatino, serif;\">Capella Confluentes | <a href=\"http:\/\/www.cappellaconfluentes.com\/Cappella_Confluentes\/Willkommen.html\">www.cappellaconfluentes.com<\/a><\/span><\/li>\n<\/ul>\n<h2><span style=\"font-family: georgia, palatino, serif;\">Instrumentenbauer<\/span><\/h2>\n<ul>\n<li><span style=\"font-family: georgia, palatino, serif;\">Michael Pilger | <a href=\"http:\/\/pilger-gambenbau.de\">pilger-gambenbau.de<\/a><\/span><\/li>\n<li><span style=\"font-family: georgia, palatino, serif;\">Henner Harders | <a href=\"http:\/\/violworks.com\">violworks.com<\/a><br \/>\n<\/span><\/li>\n<li><span style=\"font-family: georgia, palatino, serif;\">Walter Waidosch | <a href=\"http:\/\/www.walterwaidosch.de\/\">www.walterwaidosch.de<\/a><\/span><\/li>\n<\/ul>\n<h2><span style=\"font-family: georgia, palatino, serif;\">Label<\/span><\/h2>\n<ul>\n<li><span style=\"font-family: georgia, palatino, serif;\">Ars Produktion | <a href=\"http:\/\/www.ars-produktion.de\">www.ars-produktion.de<\/a><\/span><\/li>\n<li><span style=\"font-family: georgia, palatino, serif;\">conditura | <a href=\"http:\/\/www.conditura.de\">www.conditura.de<\/a><\/span><\/li>\n<\/ul>\n<h2><span style=\"font-family: georgia, palatino, serif;\">Fotografen<\/span><\/h2>\n<ul>\n<li><span style=\"font-family: georgia, palatino, serif;\">Mait J\u00fcriado | <a href=\"http:\/\/foto.juriado.com\">foto.juriado.com<\/a><\/span><\/li>\n<li><span style=\"font-family: georgia, palatino, serif;\">Stefan Schweiger | <a href=\"http:\/\/www.stefanschweiger.com\">www.stefanschweiger.com<\/a><\/span><\/li>\n<li><span style=\"font-family: georgia, palatino, serif;\">Gisela Schwarz | <a href=\"http:\/\/www.gizart.de\">www.gizart.de<\/a><br \/>\n<\/span><\/li>\n<li><span style=\"font-family: georgia, palatino, serif;\">Susanne Duddeck | <a href=\"http:\/\/www.sddesign.de\/\">www.sddesign.de<\/a><\/span><\/li>\n<\/ul>\n","protected":false},"excerpt":{"rendered":"<p>K\u00fcnstler\/ Verb\u00e4nde zamus &#8211; Zentrum f\u00fcr Alte Musik K\u00f6ln | zamus Katrin Krau\u00df | www.katrinkrauss.de Stefanie Brijoux | www.stefaniebrijoux.de Andr\u00e9 Henrich | www.andrehenrich.com Mareike Greb | www.facebook.com\/mareike.greb Thomas K\u00fcgler | thomaskuegler.com Sofia Diniz | sofiadiniz.com\/ Stephan Schardt | www.stephanschardt.de Ensembles Fortuna Canta | www.fortuna-canta.de focus baroque | focus baroque pellegrino | pellegrino gemini | gemini &hellip; <a href=\"https:\/\/faust-peters.de\/?page_id=52\" class=\"more-link\"><span class=\"screen-reader-text\">Partner<\/span> weiterlesen<\/a><\/p>\n","protected":false},"author":1,"featured_media":0,"parent":0,"menu_order":0,"comment_status":"closed","ping_status":"closed","template":"","meta":[],"_links":{"self":[{"href":"https:\/\/faust-peters.de\/index.php?rest_route=\/wp\/v2\/pages\/52"}],"collection":[{"href":"https:\/\/faust-peters.de\/index.php?rest_route=\/wp\/v2\/pages"}],"about":[{"href":"https:\/\/faust-peters.de\/index.php?rest_route=\/wp\/v2\/types\/page"}],"author":[{"embeddable":true,"href":"https:\/\/faust-peters.de\/index.php?rest_route=\/wp\/v2\/users\/1"}],"replies":[{"embeddable":true,"href":"https:\/\/faust-peters.de\/index.php?rest_route=%2Fwp%2Fv2%2Fcomments&post=52"}],"version-history":[{"count":12,"href":"https:\/\/faust-peters.de\/index.php?rest_route=\/wp\/v2\/pages\/52\/revisions"}],"predecessor-version":[{"id":540,"href":"https:\/\/faust-peters.de\/index.php?rest_route=\/wp\/v2\/pages\/52\/revisions\/540"}],"wp:attachment":[{"href":"https:\/\/faust-peters.de\/index.php?rest_route=%2Fwp%2Fv2%2Fmedia&parent=52"}],"curies":[{"name":"wp","href":"https:\/\/api.w.org\/{rel}","templated":true}]}}