{"id":513,"date":"2022-03-05T10:31:29","date_gmt":"2022-03-05T10:31:29","guid":{"rendered":"http:\/\/faust-peters.de\/?page_id=513"},"modified":"2022-09-02T13:00:23","modified_gmt":"2022-09-02T13:00:23","slug":"termine-2022","status":"publish","type":"page","link":"https:\/\/faust-peters.de\/?page_id=513","title":{"rendered":"Termine 2022"},"content":{"rendered":"<p><span style=\"font-size: 14pt; color: #ff6600;\">Januar<\/span><\/p>\n<p><span style=\"font-size: 12pt;\">Mittwoch, 26. 1.2022, 19 Uhr, Kirche zum Heilsbrunnen, Bergisch Gladbach<\/span><br \/>\n<span style=\"font-size: 12pt;\">Lesung und Konzert zum Holocaust-Gedenktag<\/span><br \/>\n<span style=\"font-size: 12pt;\">Lesung: Heinz D. Haun und Claudia Timper, Musik: Holger Faust-Peters auf Cello und Gambe, Werke von Paolo Pandolfo, Paul Hindemith, Karl Friedrich Abel, Marin Marais u.a.<\/span><\/p>\n<p><span style=\"font-size: 14pt; color: #ff6600;\">M\u00e4rz<\/span><\/p>\n<p><span style=\"font-size: 12pt;\">Freitag, 11.3.2022, 19.30 Uhr, VENTANA,<span class=\"tribe-address\"> <span class=\"tribe-street-address\">Elisabeth-von-Mumm-Platz 4, <\/span><span class=\"tribe-locality\">K\u00f6ln<br \/>\nund live stream<br \/>\n<\/span><\/span>Benefizkonzert des zamus \/\/ Musik gegen den Krieg<\/span><br \/>\n<span class=\"tribe-address\" style=\"font-size: 12pt;\"><span class=\"tribe-locality\">vielf\u00e4ltiges Konzert von Mitgliedern des zamus, u.a. Holger Faust-Peters, Cello und Ir\u00e9n Lill, Klavier: Arvo P\u00e4rt: Spiegel im Spiegel<br \/>\n<a href=\"https:\/\/www.zamus.de\/kalender\/zamus-benefizkonzert-musik-gegen-den-krieg\/\">mehr<\/a><br \/>\n<\/span><\/span><\/p>\n<p><span style=\"font-size: 14pt; color: #ff6600;\">Mai<\/span><\/p>\n<p><span style=\"font-size: 12pt;\">Freitag, 13. Mai 2022, 19.30 Uhr, Kunstkabinett Partout, Stra\u00dfen 85, Begisch Gladbach-Herkenrath<\/span><br \/>\n<span style=\"font-size: 12pt;\">Solokonzert mit Neuer Musik<\/span><br \/>\n<span style=\"font-size: 12pt;\">Holger Faust-Peters; Violoncello und Viola da gamba<\/span><br \/>\n<span style=\"font-size: 12pt;\">Werke von Paul Hindemith, Bernd Alois Zimmermann, Tamae Okatsu, Susanne Paul, Manuel Gerstner, Holger Faust-Peters<\/span><\/p>\n<p><span style=\"font-size: 14pt; color: #ff6600;\">September<\/span><\/p>\n<p><span style=\"font-size: 12pt;\">Sonntag, 11. September 2022, 18 Uhr<\/span><br \/>\n<span style=\"font-size: 12pt;\">Schloss Ringenberg, Schlo\u00dfstra\u00dfe 8, 46499 Hamminkeln<\/span><br \/>\n<span style=\"font-size: 12pt;\">Musikalischer Spaziergang. Eine Station: Musik der Renaissance f\u00fcr 3 Gamben, Werke von Josquin, Walther, Ortiz, Isaac, Ruffo, Hume u.a.<\/span><br \/>\n<span style=\"font-size: 12pt;\">pellegrino: Ute Faust, Holger Faust-Peters, Sofia Diniz, Renaissancegamben<\/span><br \/>\n<span style=\"font-size: 12pt;\">Komplettes Programm:<\/span><br \/>\n<span style=\"font-size: 12pt;\"> https:\/\/muziekbiennale.eu\/programm\/upsaits-musikalischer-spaziergang-rund-um-ringenberg\/<\/span><\/p>\n<p><span style=\"font-size: 12pt;\">Freitag, 30. September 2022, 19.30 Uhr<\/span><br \/>\n<span style=\"font-size: 12pt;\">St. Pankratius, Altenberger-Dom-Stra\u00dfe 35, 51519 Odenthal<\/span><br \/>\n<span style=\"font-size: 12pt;\">Er\u00f6ffnungskonzert des 21. Altenberger Herbstkurses f\u00fcr Alte Musik<\/span><br \/>\n<span style=\"font-size: 12pt;\">Werke des franz\u00f6sischen Barock von de la Barre, Forqueray, Marais, Dornel u.a.<\/span><br \/>\n<span style=\"font-size: 12pt;\">Katrin Krau\u00df-Brandi, Blockfl\u00f6te &#8211; Holger Faust-Peters, Viola da gamba &#8211; Andr\u00e9 Henrich, Laute<\/span><\/p>\n<p>&nbsp;<\/p>\n","protected":false},"excerpt":{"rendered":"<p>Januar Mittwoch, 26. 1.2022, 19 Uhr, Kirche zum Heilsbrunnen, Bergisch Gladbach Lesung und Konzert zum Holocaust-Gedenktag Lesung: Heinz D. Haun und Claudia Timper, Musik: Holger Faust-Peters auf Cello und Gambe, Werke von Paolo Pandolfo, Paul Hindemith, Karl Friedrich Abel, Marin Marais u.a. M\u00e4rz Freitag, 11.3.2022, 19.30 Uhr, VENTANA, Elisabeth-von-Mumm-Platz 4, K\u00f6ln und live stream Benefizkonzert &hellip; <a href=\"https:\/\/faust-peters.de\/?page_id=513\" class=\"more-link\"><span class=\"screen-reader-text\">Termine 2022<\/span> weiterlesen<\/a><\/p>\n","protected":false},"author":1,"featured_media":0,"parent":0,"menu_order":0,"comment_status":"closed","ping_status":"closed","template":"","meta":[],"_links":{"self":[{"href":"https:\/\/faust-peters.de\/index.php?rest_route=\/wp\/v2\/pages\/513"}],"collection":[{"href":"https:\/\/faust-peters.de\/index.php?rest_route=\/wp\/v2\/pages"}],"about":[{"href":"https:\/\/faust-peters.de\/index.php?rest_route=\/wp\/v2\/types\/page"}],"author":[{"embeddable":true,"href":"https:\/\/faust-peters.de\/index.php?rest_route=\/wp\/v2\/users\/1"}],"replies":[{"embeddable":true,"href":"https:\/\/faust-peters.de\/index.php?rest_route=%2Fwp%2Fv2%2Fcomments&post=513"}],"version-history":[{"count":5,"href":"https:\/\/faust-peters.de\/index.php?rest_route=\/wp\/v2\/pages\/513\/revisions"}],"predecessor-version":[{"id":520,"href":"https:\/\/faust-peters.de\/index.php?rest_route=\/wp\/v2\/pages\/513\/revisions\/520"}],"wp:attachment":[{"href":"https:\/\/faust-peters.de\/index.php?rest_route=%2Fwp%2Fv2%2Fmedia&parent=513"}],"curies":[{"name":"wp","href":"https:\/\/api.w.org\/{rel}","templated":true}]}}