{"id":50,"date":"2017-10-29T12:34:10","date_gmt":"2017-10-29T12:34:10","guid":{"rendered":"http:\/\/faust-peters.de\/?page_id=50"},"modified":"2018-01-06T10:53:18","modified_gmt":"2018-01-06T10:53:18","slug":"rezensionen","status":"publish","type":"page","link":"https:\/\/faust-peters.de\/?page_id=50","title":{"rendered":"Rezensionen"},"content":{"rendered":"<p><span style=\"font-family: georgia, palatino, serif; font-size: 12pt;\"><img decoding=\"async\" loading=\"lazy\" class=\"wp-image-318 alignright\" src=\"https:\/\/faust-peters.de\/wp-content\/uploads\/2017\/10\/Snobl-01-209x300.jpg\" alt=\"\" width=\"368\" height=\"528\" srcset=\"https:\/\/faust-peters.de\/wp-content\/uploads\/2017\/10\/Snobl-01-209x300.jpg 209w, https:\/\/faust-peters.de\/wp-content\/uploads\/2017\/10\/Snobl-01-768x1101.jpg 768w, https:\/\/faust-peters.de\/wp-content\/uploads\/2017\/10\/Snobl-01-714x1024.jpg 714w, https:\/\/faust-peters.de\/wp-content\/uploads\/2017\/10\/Snobl-01.jpg 1824w\" sizes=\"(max-width: 368px) 100vw, 368px\" \/><\/span><\/p>\n<p>&nbsp;<\/p>\n<p>&nbsp;<\/p>\n<p>&nbsp;<\/p>\n<p>&nbsp;<\/p>\n<p>&nbsp;<\/p>\n<p>&nbsp;<\/p>\n<p>&nbsp;<\/p>\n<p>&nbsp;<\/p>\n<p style=\"text-align: left;\"><span style=\"font-size: 12pt; font-family: georgia, palatino, serif;\">Foto: Josef Snobl<\/span><\/p>\n<p>&nbsp;<\/p>\n<p><span style=\"font-family: georgia, palatino, serif; font-size: 12pt;\">\u201eKraftvoll und dann wieder t\u00e4nzerisch leicht streifte Holger Faust-Peters die Saiten seiner Viola da gamba. Feine dynamische Schattierungen zeichneten sein Spiel aus.\u201c (WAZ)<\/span><\/p>\n<p><span style=\"font-family: georgia, palatino, serif; font-size: 12pt;\">\u201eDen eigentlichen H\u00f6hepunkt des Abends bildete jedoch Karl Friedrich Abels Sonate in D, die Holger Faust-Peters auf der Viola da gamba hinrei\u00dfend vielschichtig zelebrierte. Ein nobles Spiel, das sich durch sch\u00f6n bemessene Phrasierungen, feine dynamische Abstufungen und einen herrlichen Ton auszeichnete.\u201c (Dattelner Morgenpost)<\/span><\/p>\n<p><span style=\"font-family: georgia, palatino, serif; font-size: 12pt;\">\u00a0\u201eHinzu kam eine exzellente Virtuosit\u00e4t, die gepaart mit offensichtlicher Spielfreude einen gro\u00dfen Teil des Charmes erkl\u00e4rt.\u201c (Bergische Landeszeitung)<\/span><\/p>\n<p><span style=\"font-family: georgia, palatino, serif; font-size: 12pt;\">\u201eDie Sonate gew\u00f6hnte an die tiefe Stimmung und \u00fcberzeugte von den polyphonen F\u00e4higkeiten der Gambe ebenso wie vom souver\u00e4nen Umgang Faust \u2013 Peters\u00b4 mit seinem hier sinnlich gespielten Instrument.\u201c (K\u00f6lner Stadtanzeiger)<\/span><\/p>\n<p><span style=\"font-family: georgia, palatino, serif; font-size: 12pt;\">\u201eSo wurde in einer Suite von Marin Marais (1656 \u2013 1728) die Atmosph\u00e4re am Hofe zu Versailles lebendig. Die Tanzs\u00e4tze wurden zugleich rhythmisch bestechend, als auch anr\u00fchrend und mit hoher Sensibilit\u00e4t f\u00fcrs Detail dargebracht.\u201c (NRZ\/WAZ)<\/span><\/p>\n<p><span style=\"font-family: georgia, palatino, serif; font-size: 12pt;\">\u201eniiv\u00f5rd kaunilt k\u00f5las see \u00fclemheliderikas pill! (\u2026) Kauni sisemonoloogina k\u00f5las Carl Friedrich Abel sooloteos <em>viola da gamba<\/em>le \u2013 t\u00f5epoolest meisterlik teostus!\u201d<\/span><\/p>\n<p><span style=\"font-family: georgia, palatino, serif; font-size: 12pt;\">(\u201evon solcher Sch\u00f6nheit war der Klang des Instruments (von Christian Brosse), so reich an Obert\u00f6nen! (&#8230;) Das St\u00fcck f\u00fcr Viola da gamba solo von Karl Friedrich Abel klang wie ein wundersch\u00f6ner verinnerlichter Monolog \u2013 wahrlich eine meisterhafte Auff\u00fchrung! (Marju Riisikamp, Sirp)\u00a0\u00a0\u00a0\u00a0\u00a0\u00a0\u00a0\u00a0 <\/span><\/p>\n<p><span style=\"font-family: georgia, palatino, serif; font-size: 14pt;\">\u00dcber <strong><em>Fortuna Canta<\/em><\/strong>:<\/span><\/p>\n<p><span style=\"font-family: georgia, palatino, serif; font-size: 12pt;\">\u201eNeben der profunden Kenntnis der Auff\u00fchrungspraxis begeisterten die Musiker mit ihrer Virtuosit\u00e4t und ihrem erfrischenden Zusammenspiel.\u201c (K\u00f6lnische Rundschau)<\/span><\/p>\n<p><span style=\"font-family: georgia, palatino, serif; font-size: 12pt;\">\u201eDie &gt;unschuldig&lt; liebesleidende Sopranstimme wurde gerade z\u00e4rtlich umspielt von Blockfl\u00f6te und zwei Fideln, m\u00fchelos die komplexen Rhythmen und melodischen Verflechtungen des Stils treffend.\u201c (Concerto)<\/span><\/p>\n<p><span style=\"font-family: georgia, palatino, serif; font-size: 12pt;\">\u201eIn dem historischen Raum der Stiftskirche St. Marien zu B\u00f6rstel entfalteten sich die faszinierenden Kl\u00e4nge dieser wenig bekannten und doch hoch entwickelten Musikkultur, die in Deutschland von wenigen Gruppen so authentisch nachempfunden wird wie von den Solisten des Ensembles <em>Fortuna Canta<\/em>.\u201c<\/span><\/p>\n<p><span style=\"font-family: georgia, palatino, serif; font-size: 12pt;\">\u201eEs war ein leichtes, sinnenfrohes und erotisches Mittelalter mit schwebenden Rhythmen und Melodien, mit Anmut und Witz. Das Ensemble <em>Fortuna Canta <\/em>umrahmte Boccaccios Geschichten, die Heiko Daniels lebendig vortrug, mit h\u00f6fischen italienischen Liebesliedern aus dem 14. Jahrhundert \u2013 gespielt mit fein nuanciertem Ausdruck und ohne jene lehrerhafte Freudlosigkeit der Originalklang-Dogmatiker.\u201c (L\u00fcbecker Nachrichten)<\/span><\/p>\n<p><span style=\"font-size: 14pt; font-family: georgia, palatino, serif;\">\u00dcber <strong><em>gemini<\/em><\/strong>:<\/span><\/p>\n<p><span style=\"font-family: georgia, palatino, serif; font-size: 12pt;\">\u201e<em>Holdselig<\/em>, \u00fcberaus musikalisch und bestens aufeinander abgestimmt pr\u00e4sentierte sich das <em>sayttenspil <\/em>von Holger Faust-Peters und Andr\u00e9 Henrich, die mit Viola da gamba und Laute virtuos \u2013 spielerisch wie bei den kurzen St\u00fccken des Italieners Falconieri, tr\u00e4umerisch wie in der eigenen Bearbeitung der Komposition <em>Dream<\/em> des Avantgardisten John Cage und lyrisch wie in den Werken der beiden Engl\u00e4nder John Dowland und Tobias Hume zu musizieren wussten.\u201c (WAZ)<\/span><\/p>\n<p><span style=\"font-family: georgia, palatino, serif; font-size: 12pt;\">\u201eDas den \u201egemini\u201c gewidmete \u201eGymels for gemini\u201c der rum\u00e4nischen Landsm\u00e4nnin Dora Cojocaru gibt sich nicht mit normalen Spieltechniken zufrieden. Brutale Kl\u00e4nge aus zarten Saiten und viel \u201eSchlagwerk\u201c kamen, wie die anderen St\u00fccke auch, in perfekter Feinabstimmung der Musiker.\u201c (Bergische Landeszeitung)<\/span><\/p>\n<p><span style=\"font-family: georgia, palatino, serif; font-size: 12pt;\">\u201eDer Klang der feinen Instrumente harmonierte hervorragend mit der Akustik der Gnadenkirche, da klingt alles transparent, klar und erstaunlich f\u00fcllig.\u201c (K\u00f6lner Stadtanzeiger)<\/span><\/p>\n<p>&nbsp;<\/p>\n","protected":false},"excerpt":{"rendered":"<p>&nbsp; &nbsp; &nbsp; &nbsp; &nbsp; &nbsp; &nbsp; &nbsp; Foto: Josef Snobl &nbsp; \u201eKraftvoll und dann wieder t\u00e4nzerisch leicht streifte Holger Faust-Peters die Saiten seiner Viola da gamba. Feine dynamische Schattierungen zeichneten sein Spiel aus.\u201c (WAZ) \u201eDen eigentlichen H\u00f6hepunkt des Abends bildete jedoch Karl Friedrich Abels Sonate in D, die Holger Faust-Peters auf der Viola da &hellip; <a href=\"https:\/\/faust-peters.de\/?page_id=50\" class=\"more-link\"><span class=\"screen-reader-text\">Rezensionen<\/span> weiterlesen<\/a><\/p>\n","protected":false},"author":1,"featured_media":0,"parent":0,"menu_order":0,"comment_status":"closed","ping_status":"closed","template":"","meta":[],"_links":{"self":[{"href":"https:\/\/faust-peters.de\/index.php?rest_route=\/wp\/v2\/pages\/50"}],"collection":[{"href":"https:\/\/faust-peters.de\/index.php?rest_route=\/wp\/v2\/pages"}],"about":[{"href":"https:\/\/faust-peters.de\/index.php?rest_route=\/wp\/v2\/types\/page"}],"author":[{"embeddable":true,"href":"https:\/\/faust-peters.de\/index.php?rest_route=\/wp\/v2\/users\/1"}],"replies":[{"embeddable":true,"href":"https:\/\/faust-peters.de\/index.php?rest_route=%2Fwp%2Fv2%2Fcomments&post=50"}],"version-history":[{"count":9,"href":"https:\/\/faust-peters.de\/index.php?rest_route=\/wp\/v2\/pages\/50\/revisions"}],"predecessor-version":[{"id":418,"href":"https:\/\/faust-peters.de\/index.php?rest_route=\/wp\/v2\/pages\/50\/revisions\/418"}],"wp:attachment":[{"href":"https:\/\/faust-peters.de\/index.php?rest_route=%2Fwp%2Fv2%2Fmedia&parent=50"}],"curies":[{"name":"wp","href":"https:\/\/api.w.org\/{rel}","templated":true}]}}