{"id":484,"date":"2020-02-10T10:53:57","date_gmt":"2020-02-10T10:53:57","guid":{"rendered":"http:\/\/faust-peters.de\/?page_id=484"},"modified":"2021-01-02T18:11:51","modified_gmt":"2021-01-02T18:11:51","slug":"termine-2020","status":"publish","type":"page","link":"https:\/\/faust-peters.de\/?page_id=484","title":{"rendered":"Termine 2020"},"content":{"rendered":"<p><span style=\"font-family: georgia, palatino, serif; font-size: 18pt; color: #ff6600;\">Januar<\/span><\/p>\n<p><span style=\"font-family: georgia, palatino, serif;\">Donnerstag, 23.1., 19 Uhr, Maxkirche D\u00fcsseldorf<\/span><br \/>\n<span style=\"font-family: georgia, palatino, serif;\"> O felix templum jubila &#8211; Messvertonungen um 1400<\/span><br \/>\n<span style=\"font-family: georgia, palatino, serif;\"> Fortuna Canta: Stefanie Brijoux, Sopran &#8211; Katrin Krau\u00df-Brandi, Blockfl\u00f6te &#8211; Ute Faust, Fidel und Blockfl\u00f6te, Holger Faust-Peters, Fidel und Organetto<\/span><br \/>\n<span style=\"font-family: georgia, palatino, serif;\"><a href=\"https:\/\/www.musik-maxkirche.de\/cantus-2020\/\">mehr<\/a><\/span><\/p>\n<p><span style=\"font-family: georgia, palatino, serif; font-size: 18pt; color: #ff6600;\">Februar<\/span><\/p>\n<p><span style=\"font-family: georgia, palatino, serif;\">Sonntag, 2.2. 11 Uhr | Vers\u00f6hnungskirche K\u00f6ln Holweide<\/span><br \/>\n<span style=\"font-family: georgia, palatino, serif;\">Sonntag, 2.2. 18 Uhr | Antoniterkirche K\u00f6ln<\/span><br \/>\n<span style=\"font-family: georgia, palatino, serif;\">Ich habe genug, Bach Kantate BWV 82<\/span><\/p>\n<p><span style=\"color: #000000; font-family: georgia, palatino, serif;\">Freitag, 28.2. 19 Uhr | Antoniterkirche K\u00f6ln<\/span><br \/>\n<span style=\"color: #000000; font-family: georgia, palatino, serif;\"> Fortune Obscure &#8211; die Schicksalsballaden des Codex Chantilly<\/span><br \/>\n<span style=\"color: #000000; font-family: georgia, palatino, serif;\"> Release-Konzert der neuen CD von Fortuna Canta<br \/>\nStefanie Brijoux, Sopran &#8211; Katrin Krau\u00df-Brandi, Blockfl\u00f6te &#8211; Ute Faust, Fidel und Blockfl\u00f6te, Holger Faust-Peters, Fidel und Organetto<\/span><br \/>\n<span style=\"color: #000000; font-family: georgia, palatino, serif;\"> <a href=\"https:\/\/www.antonitercitykirche.de\/kirchentoene.aspx\">mehr<\/a><\/span><br \/>\n<span style=\"color: #000000;\"> <span style=\"font-family: georgia, palatino, serif;\">Eintritt<\/span> frei, anschlie\u00dfend k\u00f6nnen CDs erworben und signiert werden und es gibt einen kleinen Sektempfang.<\/span><\/p>\n<p><span style=\"font-size: 18pt; color: #ff6600;\">M\u00e4rz<\/span><\/p>\n<p><span style=\"font-family: georgia, palatino, serif;\">Samstag, 21.3. 18 Uhr | Citykirche, M\u00f6nchengladbach <span style=\"font-size: 18pt; color: #ff0000;\">ABGESAGT<\/span><\/span><br \/>\n<span style=\"font-family: georgia, palatino, serif;\">Bach, Matth\u00e4uspassion, Leitung Michael Veltmann<\/span><\/p>\n<p><span style=\"font-family: georgia, palatino, serif;\">Sonntag, 22.3. 17h, | St. Hippolytus, Troisdorf <span style=\"font-size: 18pt; color: #ff0000;\">ABGESAGT<\/span><\/span><br \/>\n<span style=\"font-family: georgia, palatino, serif;\">Bach, Matth\u00e4uspassion, Leitung Michael Veltmann<\/span><\/p>\n<p><span style=\"font-family: georgia, palatino, serif;\">Sonntag, 29.3. 18 Uhr | Immanuelskirche Wuppertal <span style=\"color: #ff0000; font-size: 18pt;\">ABGESAGT<\/span><\/span><br \/>\n<span style=\"font-family: georgia, palatino, serif;\">Johann Joseph Fux: \u201eKaiserrequiem\u201c\u00a0 und Johann Caspar von Kerll:)<\/span><br \/>\n<span style=\"font-family: georgia, palatino, serif;\">\u201eMissa pro defunctis\u201c<\/span><br \/>\n<span style=\"font-family: georgia, palatino, serif;\">Kantorei Barmen-Gemarke, Leitung: Alexander L\u00fcken<em><br \/>\npellegrino:<\/em> <\/span><br \/>\n<span style=\"font-family: georgia, palatino, serif;\">Sofia Diniz, Ute Faust, Holger Faust-Peters, Heike Johanna Lindner<\/span><br \/>\n<a href=\"https:\/\/www.kantorei-barmen-gemarke.de\/veranstaltungen\/konzerte-19-20\/\"><span style=\"font-family: georgia, palatino, serif;\">mehr<\/span><\/a><\/p>\n<p><span style=\"font-family: georgia, palatino, serif; font-size: 18pt; color: #ff6600;\">April<\/span><\/p>\n<p><span style=\"font-family: georgia, palatino, serif;\">Karfreitag, 10.4. 11 Uhr | Vers\u00f6hnungskirche K\u00f6ln Holweide\u00a0\u00a0 <\/span><span style=\"font-family: georgia, palatino, serif; color: #ff0000; font-size: 18pt;\">ABGESAGT<\/span><br \/>\n<span style=\"font-family: georgia, palatino, serif;\">Sch\u00fctz, Die sieben letzten Worte Jesu am Kreuz<\/span><br \/>\n<span style=\"font-family: georgia, palatino, serif;\">Kantorei der Vers\u00f6hnungskirche, Leitung Mechthild Brand<\/span><br \/>\n<span style=\"font-family: georgia, palatino, serif;\"><em>pellegrino:<\/em> <\/span><br \/>\n<span style=\"font-family: georgia, palatino, serif;\">Sofia Diniz, Ute Faust, Holger Faust-Peters, David Sch\u00fctte, Haruno Ikeda-Sprotte<\/span><\/p>\n<p><span style=\"color: #000000; font-family: georgia, palatino, serif;\">Sonntag, 19.4. 15 Uhr | Ev.- Luth. Melanchthon-Kirchengemeinde Gro\u00df Flottbek, Ebertallee 30, 22607 Hamburg\u00a0 <span style=\"color: #ff0000; font-size: 18pt;\">ABGESAGT<\/span><\/span><br \/>\n<span style=\"color: #000000; font-family: georgia, palatino, serif;\"> Fortune Obscure &#8211; die Schicksalsballaden des Codex Chantilly<\/span><br \/>\n<span style=\"font-family: georgia, palatino, serif; color: #000000;\"> Release-Konzert der neuen CD von Fortuna Canta<br \/>\nStefanie Brijoux, Sopran &#8211; Katrin Krau\u00df-Brandi, Blockfl\u00f6te &#8211; Ute Faust, Fidel und Blockfl\u00f6te, Holger Faust-Peters, Fidel und Organetto<\/span><br \/>\n<span style=\"font-family: georgia, palatino, serif;\"><span style=\"color: #993366;\"><span style=\"color: #000000;\">Eintritt frei, anschlie\u00dfend k\u00f6nnen CDs erworben und signiert werden und es gibt einen kleinen Sektempfang.<\/span><\/span><\/span><\/p>\n<p><span style=\"font-family: georgia, palatino, serif;\">26.4. Aufnahme des stillen St\u00fccks von John Cage 4&#8217;33&#8220;<\/span><br \/>\n<span style=\"font-family: georgia, palatino, serif;\"><a href=\"https:\/\/www.youtube.com\/watch?v=UlEgHGUz2nI\">https:\/\/www.youtube.com\/watch?v=UlEgHGUz2nI<\/a><\/span><\/p>\n<p><span style=\"font-family: georgia, palatino, serif; font-size: 18pt; color: #ff6600;\">Mai<\/span><\/p>\n<p><span style=\"font-family: georgia, palatino, serif;\">Sonntag, 3.5., 14.30Uhr | Altenberger Dom <span style=\"color: #ff0000; font-size: 18pt;\">ABGESAGT<\/span><\/span><br \/>\n<span style=\"font-family: georgia, palatino, serif;\">J. S. Bach Jauchzet Gott in allen Landen, BWV 51 u.a.<\/span><br \/>\n<span style=\"font-family: georgia, palatino, serif;\">Leitung: Ludwig Go\u00dfner<\/span><br \/>\n<a href=\"http:\/\/www.altenberger-dommusik.de\/jahresprogramm\/\"><span style=\"font-family: georgia, palatino, serif;\">mehr<\/span><\/a><\/p>\n<p><span style=\"font-family: georgia, palatino, serif; font-size: 18pt; color: #ff6600;\">Oktober<\/span><\/p>\n<p><span style=\"font-family: georgia, palatino, serif;\">Donnerstag, 1.10., 19.30 | St. Pankratius Odenthal<\/span><br \/>\n<span style=\"font-family: georgia, palatino, serif;\"><em>For ye violls<\/em> &#8211; Er\u00f6ffnungskonzert 19. Altenberger Herbstkurs f\u00fcr Alte Musik<\/span><br \/>\n<span style=\"font-family: georgia, palatino, serif;\">Werke von Young, Hingeston, Locke, Jenkins, Bishop u.a.<\/span><br \/>\n<span style=\"font-family: georgia, palatino, serif;\">Frauke Hess und Holger Fasut-Peters, Viole da gamba<\/span><\/p>\n<p><span style=\"font-family: georgia, palatino, serif;\">Freitag, 9.10., 19 Uhr | Partout Kunstkabinett Herkenrath <\/span><br \/>\n<span style=\"font-family: georgia, palatino, serif;\"><a href=\"https:\/\/www.partout-kunstgeschichte.de\/\">https:\/\/www.partout-kunstgeschichte.de\/<br \/>\n<\/a>Finissage Werkschau Veronike Moos. Musik: Holger Faust-Peters auf Fidel, Gambe und Cello<\/span><\/p>\n<p><span style=\"font-family: georgia, palatino, serif;\">Donnerstag, 22.10., 19.30 | Oper Gelsenkirchen <\/span><br \/>\n<span style=\"font-family: georgia, palatino, serif;\">L&#8216; Orfeo von Monteverdi<\/span><\/p>\n<p><span style=\"font-family: georgia, palatino, serif; color: #ff6600; font-size: 18pt;\">November<\/span><\/p>\n<p><span style=\"font-family: georgia, palatino, serif;\">Sonntag, 8.11., 17 Uhr | Abteikirche Springiersbach <span style=\"color: #ff0000; font-size: 18pt;\">ABGESAGT<\/span><\/span><br \/>\n<span style=\"font-family: georgia, palatino, serif;\">Meisterkonzert mit Lucia Mense (Blockfl\u00f6te), Holger Faust-Peters (Viola da gamba) und Alexander Puliaev (Cembalo)<\/span><\/p>\n<p><span style=\"font-family: georgia, palatino, serif;\">Sonntag, 22.11., 18.00 | Oper Gelsenkirchen <span style=\"color: #ff0000; font-size: 18pt;\">ABGESAGT<\/span><\/span><br \/>\n<span style=\"font-family: georgia, palatino, serif;\">L&#8216; Orfeo von Monteverdi<\/span><\/p>\n<p>&nbsp;<\/p>\n","protected":false},"excerpt":{"rendered":"<p>Januar Donnerstag, 23.1., 19 Uhr, Maxkirche D\u00fcsseldorf O felix templum jubila &#8211; Messvertonungen um 1400 Fortuna Canta: Stefanie Brijoux, Sopran &#8211; Katrin Krau\u00df-Brandi, Blockfl\u00f6te &#8211; Ute Faust, Fidel und Blockfl\u00f6te, Holger Faust-Peters, Fidel und Organetto mehr Februar Sonntag, 2.2. 11 Uhr | Vers\u00f6hnungskirche K\u00f6ln Holweide Sonntag, 2.2. 18 Uhr | Antoniterkirche K\u00f6ln Ich habe genug, &hellip; <a href=\"https:\/\/faust-peters.de\/?page_id=484\" class=\"more-link\"><span class=\"screen-reader-text\">Termine 2020<\/span> weiterlesen<\/a><\/p>\n","protected":false},"author":1,"featured_media":0,"parent":0,"menu_order":0,"comment_status":"closed","ping_status":"closed","template":"","meta":[],"_links":{"self":[{"href":"https:\/\/faust-peters.de\/index.php?rest_route=\/wp\/v2\/pages\/484"}],"collection":[{"href":"https:\/\/faust-peters.de\/index.php?rest_route=\/wp\/v2\/pages"}],"about":[{"href":"https:\/\/faust-peters.de\/index.php?rest_route=\/wp\/v2\/types\/page"}],"author":[{"embeddable":true,"href":"https:\/\/faust-peters.de\/index.php?rest_route=\/wp\/v2\/users\/1"}],"replies":[{"embeddable":true,"href":"https:\/\/faust-peters.de\/index.php?rest_route=%2Fwp%2Fv2%2Fcomments&post=484"}],"version-history":[{"count":6,"href":"https:\/\/faust-peters.de\/index.php?rest_route=\/wp\/v2\/pages\/484\/revisions"}],"predecessor-version":[{"id":494,"href":"https:\/\/faust-peters.de\/index.php?rest_route=\/wp\/v2\/pages\/484\/revisions\/494"}],"wp:attachment":[{"href":"https:\/\/faust-peters.de\/index.php?rest_route=%2Fwp%2Fv2%2Fmedia&parent=484"}],"curies":[{"name":"wp","href":"https:\/\/api.w.org\/{rel}","templated":true}]}}