{"id":458,"date":"2019-04-04T06:53:43","date_gmt":"2019-04-04T06:53:43","guid":{"rendered":"http:\/\/faust-peters.de\/?page_id=458"},"modified":"2019-10-18T12:48:18","modified_gmt":"2019-10-18T12:48:18","slug":"termine-2019","status":"publish","type":"page","link":"https:\/\/faust-peters.de\/?page_id=458","title":{"rendered":"Termine 2019"},"content":{"rendered":"<p>&nbsp;<\/p>\n<p><span style=\"font-family: georgia, palatino, serif; font-size: 18pt; color: #ff6600;\">Februar<\/span><\/p>\n<p><span style=\"font-family: georgia, palatino, serif; font-size: 12pt;\">Samstag, 9.2., 18 Uhr, Gnadenkirche Bergisch Gladbach<br \/>\nOrchesterkonzert, Werke von Scarlatti, Stamitz und Gade<\/span><br \/>\n<span style=\"font-family: georgia, palatino, serif; font-size: 12pt;\"> Ensemble 07, Leitung: Stephan Schardt, Solist: Philipp Vetter, Klarinette.<\/span><\/p>\n<p><span style=\"font-family: georgia, palatino, serif; font-size: 12pt;\">Sonntag,10.2., 17 Uhr, Tersteegenhaus K\u00f6ln<\/span><br \/>\n<span style=\"font-family: georgia, palatino, serif; font-size: 12pt;\"> Orchesterkonzert, Werke von Scarlatti, Stamitz und Gade<\/span><br \/>\n<span style=\"font-family: georgia, palatino, serif; font-size: 12pt;\"> Ensemble 07, Leitung: Stephan Schardt, Solist: Philipp Vetter, Klarinette.<\/span><\/p>\n<p><span style=\"font-family: georgia, palatino, serif; font-size: 18pt; color: #ff6600;\">M\u00e4rz<\/span><\/p>\n<p><span style=\"font-family: georgia, palatino, serif; font-size: 12pt;\">Samstag, 23.3., 20 Uhr | Olivenza (Spanien\/Portugal)<\/span><br \/>\n<span style=\"font-family: georgia, palatino, serif; font-size: 12pt;\"> <em>Un viaje imaginado<\/em> Festival Terras sem sombre<\/span><br \/>\n<span style=\"font-family: georgia, palatino, serif; font-size: 12pt;\"> Sofia Diniz, Viola da gamba; Holger Faust-Peters, Viola da gamba; Miguel Jal\u00f4to, Cembalo; Josep Mar\u00eda Mart\u00ed, Theorbe<br \/>\n<a href=\"https:\/\/www.extremadura.com\/agenda\/concierto-un-viaje-imaginado-suites-francesas-para-viola-de-gamba-olivenza\">mehr<\/a><\/span><\/p>\n<p><span style=\"font-family: georgia, palatino, serif; font-size: 18pt; color: #ff6600;\">April<\/span><\/p>\n<p><span style=\"font-size: 12pt; font-family: georgia, palatino, serif;\">Sonntag, 7.4., 18 Uhr | Kreuzeskirche Essen<\/span><br \/>\n<span style=\"font-size: 12pt; font-family: georgia, palatino, serif;\">J.S. Bach, Johannespassion. Leitung: Andy von Oppenkowski<br \/>\n<\/span><span style=\"font-size: 12pt;\"><a href=\"https:\/\/www.forum-kreuzeskirche.de\/single-post\/2019\/01\/11\/02042019-Passionskonzert\"><span style=\"font-family: georgia, palatino, serif;\">mehr<\/span><\/a><\/span><\/p>\n<p><span style=\"font-family: georgia, palatino, serif; font-size: 12pt;\">Sonntag, 14.4., 11 Uhr | ZAMUS K\u00f6ln, Heliosstr. 15<\/span><br \/>\n<span style=\"font-family: georgia, palatino, serif; font-size: 12pt;\"> L\u00fcge oder Wahrheit? Kinderkonzert <\/span><br \/>\n<span style=\"font-family: georgia, palatino, serif; font-size: 12pt;\"> M\u00e4rchen und Musik aus vergangenen Zeiten<\/span><br \/>\n<span style=\"font-size: 12pt; font-family: georgia, palatino, serif;\"> Veronika H\u00f6fele, M\u00e4rchenerz\u00e4hlerin;<br \/>\nUte Faust, Blockfl\u00f6te und Fidel; Holger Faust-Peters, Fidel und Organetto.<br \/>\n<a href=\"https:\/\/www.zamus.de\/site\/deutsch\/kalender\/func-details-id-190-sort-none-month-12-year-2018\">mehr<\/a><\/span><\/p>\n<p><span style=\"font-size: 12pt; font-family: georgia, palatino, serif;\">Samstag, 13.4., 18 Uhr | Pfarrkirche Johannes der T\u00e4ufer, Am Plenzer 4, 56253 Treis-Karden<\/span><br \/>\n<span style=\"font-size: 12pt; font-family: georgia, palatino, serif;\">Sch\u00fctz \u201eDie sieben Worte Jesu am Kreuz\u201c und die Musikalischen Exequien<\/span><br \/>\n<span style=\"font-size: 12pt; font-family: georgia, palatino, serif;\">Capella Confluentes<\/span><\/p>\n<p><span style=\"font-size: 12pt; font-family: georgia, palatino, serif;\">Sonntag, 14.4., 19 Uhr | Abteikirche Maria Laach<\/span><br \/>\n<span style=\"font-size: 12pt; font-family: georgia, palatino, serif;\">Sch\u00fctz \u201eDie sieben Worte Jesu am Kreuz\u201c und die Musikalischen Exequien<\/span><br \/>\n<span style=\"font-size: 12pt; font-family: georgia, palatino, serif;\">Capella Confluentes<br \/>\n<a href=\"https:\/\/www.maria-laach.de\/aktuelles\/veranstaltungen\/passionskonzert-2019.html?id=1\">mehr<\/a><\/span><\/p>\n<p><span style=\"font-size: 12pt; font-family: georgia, palatino, serif;\">Karfreitag, 19.4., 20 Uhr |Maxkirche D\u00fcsseldorf<\/span><br \/>\n<span style=\"font-size: 12pt; font-family: georgia, palatino, serif;\">Fran\u00e7ois Couperin (1668-1733): Le\u00e7ons de T\u00e9n\u00e8bres<\/span><br \/>\n<span style=\"font-size: 12pt; font-family: georgia, palatino, serif;\">Stefanie Brijoux und Karolina Brachman, Sopran; Holger Faust-Peters, Viola da Gamba; Markus Belmann, Orgel<br \/>\n<a href=\"https:\/\/www.musik-maxkirche.de\/\">mehr<\/a><\/span><\/p>\n<p><span style=\"font-family: georgia, palatino, serif; font-size: 18pt; color: #ff6600;\">Mai<\/span><\/p>\n<p><span style=\"font-family: georgia, palatino, serif; font-size: 12pt;\">Samstag, 4.5., 19 Uhr | Galerie Smend, Mainzerstr. 31, 50678 K\u00f6ln<\/span><br \/>\n<span style=\"font-family: georgia, palatino, serif; font-size: 12pt;\">Vernissage der Fotoausstellung &#8222;Geschwister&#8220; von Susanne Duddeck<\/span><br \/>\n<span style=\"font-family: georgia, palatino, serif; font-size: 12pt;\">Agnes Erkens, Gesang &#8211; Holger Faust-Peters, Cello und Gambe.<\/span><br \/>\n<span style=\"font-family: georgia, palatino, serif; font-size: 12pt;\"><a href=\"https:\/\/festival.photoszene.de\/Festival\/geschwister-geschwister-beziehungen\/429.html\">mehr<\/a><\/span><\/p>\n<p><span style=\"font-family: georgia, palatino, serif; font-size: 12pt;\">Dienstag, 14.5. ab 18 Uhr | Marktplatz Bergisch Gladbach<\/span><br \/>\n<span style=\"font-family: georgia, palatino, serif;\"><span style=\"font-size: 12pt;\">Musikalischer Flashmob zum Europatag in Bergisch Gladbach.<\/span> <\/span><\/p>\n<p><span style=\"font-family: georgia, palatino, serif; font-size: 18pt; color: #ff6600;\">Juni<\/span><\/p>\n<p><span style=\"font-family: georgia, palatino, serif; font-size: 12pt;\">Sonntag, 30.6. 17 Uhr | IGP Bergisch Gladbach<\/span><br \/>\n<span style=\"font-family: georgia, palatino, serif; font-size: 12pt;\">Streichorchesterkonzert der Musikschule Bergisch Gladbach. <\/span><\/p>\n<p><span style=\"font-family: georgia, palatino, serif; font-size: 18pt; color: #ff6600;\">August<\/span><\/p>\n<p><span style=\"font-family: georgia, palatino, serif; font-size: 12pt;\">Montag, 5.6. 19 Uhr | Kloster Springiersbach \/ Mosel<\/span><br \/>\n<span style=\"font-family: georgia, palatino, serif; font-size: 12pt;\">Dozentenkonzert der Sommerkurse Springiersbach<\/span><br \/>\n<span style=\"font-family: georgia, palatino, serif; font-size: 12pt;\">Lucia Mense, Blockfl\u00f6te &#8211; Holger Faust-Peters, Gambe &#8211; Alexander Puliaev, Cembalo &#8211; Katsia Prakopchyk, Barockmandoline<\/span><br \/>\n<span style=\"font-family: georgia, palatino, serif; font-size: 12pt;\">Werke von Merula, H\u00f6ffler, Scarlatti, Erlebach, Rameau u.a.<\/span><\/p>\n<p><span style=\"font-family: georgia, palatino, serif; font-size: 12pt;\">Samstag, 24.8. 19 Uhr | Verk\u00fcndigungskirche Beit Jala\/ Pal\u00e4stina<\/span><br \/>\n<span style=\"font-family: georgia, palatino, serif; font-size: 12pt;\">Europ\u00e4ische und Arabische Musik aus alter Zeit<\/span><br \/>\n<span style=\"font-family: georgia, palatino, serif; font-size: 12pt;\">Fortuna Canta: Stefanie Brijoux, Sopran &#8211; Holger Faust-Peters, Fidel &#8211; Ute Faust, Blockfl\u00f6te und Fidel<\/span><br \/>\n<span style=\"font-family: georgia, palatino, serif; font-size: 12pt;\">Amwaj- Chor Bethlehem\/Hebron<\/span><\/p>\n<p><span style=\"font-family: georgia, palatino, serif; font-size: 18pt; color: #ff6600;\">September<\/span><\/p>\n<p><span style=\"font-family: georgia, palatino, serif; font-size: 12pt;\">Samstag, 21.9. 19 Uhr | Kardinal Schulte Haus Bergisch Gladbach (geschlossene Veranstaltung)<\/span><br \/>\n<span style=\"font-family: georgia, palatino, serif; font-size: 12pt;\">Des Kaisers neue Kleider &#8211; M\u00e4rchen und Musik aus alter Zeit<\/span><br \/>\n<span style=\"font-family: georgia, palatino, serif; font-size: 12pt;\">Veronika H\u00f6fele, M\u00e4rchenerz\u00e4hlerin<\/span><br \/>\n<span style=\"font-family: georgia, palatino, serif; font-size: 12pt;\">Ute Faust, Blockfl\u00f6te und Fidel &#8211; Holger Faust-Peters, Fidel und Organetto<\/span><\/p>\n<p><span style=\"font-family: georgia, palatino, serif; font-size: 18pt; color: #ff6600;\">Oktober<\/span><\/p>\n<p><span style=\"font-family: georgia, palatino, serif; font-size: 12pt;\">Donnerstag, 31.10 19 Uhr | Kirche zum Frieden Gottes, Bergisch Gladbach<\/span><br \/>\n<span style=\"font-family: georgia, palatino, serif; font-size: 12pt;\">musicam habe ich allzeit lieb gehabt &#8211; Konzert zum Reformationstag<\/span><br \/>\n<span style=\"font-family: georgia, palatino, serif; font-size: 12pt;\">Fortuna Canta: Stefanie Brijoux, Sopran &#8211; Katrin Krau\u00df-Brandi, Blockfl\u00f6te &#8211; Ute Faust und Holger Faust-Peters, Renaissancegambe<\/span><br \/>\n<span style=\"font-family: georgia, palatino, serif; font-size: 12pt;\"><a href=\"https:\/\/www.zumfriedengottes.de\/index.php\">mehr<\/a><\/span><\/p>\n<p><span style=\"font-family: georgia, palatino, serif; font-size: 18pt; color: #ff6600;\">November<\/span><\/p>\n<p><span style=\"font-family: georgia, palatino, serif; font-size: 12pt;\">Freitag, 22.11. 19.30 Uhr | zamus: Zentrum f\u00fcr Alte Musik K\u00f6ln, Heliosstr. 15<\/span><br \/>\n<span style=\"font-family: georgia, palatino, serif; font-size: 12pt;\">zamus unlimited<\/span><br \/>\n<span style=\"font-family: georgia, palatino, serif; font-size: 12pt;\">Viola da gamba versus viola da braccio<\/span><br \/>\n<span style=\"font-family: georgia, palatino, serif; font-size: 12pt;\">Es spielen <i>pellegrino<\/i>: Holger Faust-Peters, Sofia Diniz, Ute Faust: Renaissancegambenconsort<\/span><br \/>\n<span style=\"font-family: georgia, palatino, serif; font-size: 12pt;\"><i>Exquisite Noyse<\/i>: Paula Kibildis, Daniel Lind, Johannes L\u00f6scher; Renaissancegeigenconsort<\/span><br \/>\n<span style=\"font-family: georgia, palatino, serif; font-size: 12pt;\">Es sprechen Michael Pilger und\u00a0 Johannes L\u00f6scher \u00fcber Gamben- und Violinbau<\/span><br \/>\n<span style=\"font-family: georgia, palatino, serif; font-size: 12pt;\"><a href=\"https:\/\/www.zamus.de\/kalender2\/zamus-unlimited-viola-da-gamba-viola-da-brazzio\/\">mehr<\/a><\/span><\/p>\n","protected":false},"excerpt":{"rendered":"<p>&nbsp; Februar Samstag, 9.2., 18 Uhr, Gnadenkirche Bergisch Gladbach Orchesterkonzert, Werke von Scarlatti, Stamitz und Gade Ensemble 07, Leitung: Stephan Schardt, Solist: Philipp Vetter, Klarinette. Sonntag,10.2., 17 Uhr, Tersteegenhaus K\u00f6ln Orchesterkonzert, Werke von Scarlatti, Stamitz und Gade Ensemble 07, Leitung: Stephan Schardt, Solist: Philipp Vetter, Klarinette. M\u00e4rz Samstag, 23.3., 20 Uhr | Olivenza (Spanien\/Portugal) Un &hellip; <a href=\"https:\/\/faust-peters.de\/?page_id=458\" class=\"more-link\"><span class=\"screen-reader-text\">Termine 2019<\/span> weiterlesen<\/a><\/p>\n","protected":false},"author":1,"featured_media":0,"parent":0,"menu_order":0,"comment_status":"closed","ping_status":"closed","template":"","meta":[],"_links":{"self":[{"href":"https:\/\/faust-peters.de\/index.php?rest_route=\/wp\/v2\/pages\/458"}],"collection":[{"href":"https:\/\/faust-peters.de\/index.php?rest_route=\/wp\/v2\/pages"}],"about":[{"href":"https:\/\/faust-peters.de\/index.php?rest_route=\/wp\/v2\/types\/page"}],"author":[{"embeddable":true,"href":"https:\/\/faust-peters.de\/index.php?rest_route=\/wp\/v2\/users\/1"}],"replies":[{"embeddable":true,"href":"https:\/\/faust-peters.de\/index.php?rest_route=%2Fwp%2Fv2%2Fcomments&post=458"}],"version-history":[{"count":11,"href":"https:\/\/faust-peters.de\/index.php?rest_route=\/wp\/v2\/pages\/458\/revisions"}],"predecessor-version":[{"id":475,"href":"https:\/\/faust-peters.de\/index.php?rest_route=\/wp\/v2\/pages\/458\/revisions\/475"}],"wp:attachment":[{"href":"https:\/\/faust-peters.de\/index.php?rest_route=%2Fwp%2Fv2%2Fmedia&parent=458"}],"curies":[{"name":"wp","href":"https:\/\/api.w.org\/{rel}","templated":true}]}}