{"id":448,"date":"2018-01-12T20:50:35","date_gmt":"2018-01-12T20:50:35","guid":{"rendered":"http:\/\/faust-peters.de\/?page_id=448"},"modified":"2018-01-12T21:01:57","modified_gmt":"2018-01-12T21:01:57","slug":"avec-privilege-du-roy-programm","status":"publish","type":"page","link":"https:\/\/faust-peters.de\/?page_id=448","title":{"rendered":"Programm: Avec privilege du roy"},"content":{"rendered":"<p><span style=\"font-family: georgia, palatino, serif; font-size: 12pt;\"><strong>Marin Marais <\/strong>(1656 &#8211; 1728)<\/span><br \/>\n<span style=\"font-family: georgia, palatino, serif; font-size: 12pt;\"> Suite en sol majeur: Prelude &#8211; l\u00b4Allemande Poisat &#8211; Sarabande &#8211; Le petit badinage &#8211; Gigue la pointilleuse &#8211; Saillie du Jardin &#8211; Le Jeu du Volant &#8211; Chaconne aus: <em>Pieces de Viole, 5<sup>e<\/sup>\u00a0 livre, 1725<\/em><\/span><\/p>\n<p><span style=\"font-family: georgia, palatino, serif; font-size: 12pt;\"><strong>Fran\u00e7ois Couperin <\/strong>(1668 \u2013 1733)<\/span><br \/>\n<span style=\"font-family: georgia, palatino, serif; font-size: 12pt;\"> Cinqui\u00e8me Pr\u00e9lude pour Clavecin en la majeur aus\u00a0: <em>L\u00b4Art de Toucher le Clavecin, 1716<\/em><\/span><\/p>\n<p><span style=\"font-family: georgia, palatino, serif; font-size: 12pt;\"><strong>Louis Heudelinne <\/strong>(Lebensdaten unbekannt)<\/span><br \/>\n<span style=\"font-family: georgia, palatino, serif; font-size: 12pt;\"> Seconde Suite pour le dessus de violle en la majeur: Prelude &#8211; \u00a0Allemande &#8211; Courante, Double de la Courante \u00a0&#8211; Sarabande &#8211; Gigue &#8211; Gavotte &#8211; Double de la Gavotte &#8211; Rigaudon &#8211; Second Rigaudon &#8211; Troisi\u00e8me Rigaudon &#8211; Sonate en Chaconne <em>aus: Trois Suites de pieces a deux violles\u2026, livre premier, 1701<\/em><\/span><\/p>\n<p><span style=\"font-family: georgia, palatino, serif; font-size: 12pt;\"><em>PAUSE<\/em><\/span><\/p>\n<p><span style=\"font-family: georgia, palatino, serif; font-size: 12pt;\"><strong>Fran\u00e7ois Couperin <\/strong>(1668 \u2013 1733)<\/span><br \/>\n<span style=\"font-family: georgia, palatino, serif; font-size: 12pt;\"> 2<sup>eme<\/sup> Suite en la majeur: Prelude &#8211; Fuguette &#8211; Pompe fun\u00e9bre &#8211; La Chemise Blanche aus\u00a0: <em>Pieces de Violes avec la basse chifr\u00e9e par M<sup>R<\/sup> F.C., 1728<\/em><\/span><\/p>\n<p><span style=\"font-family: georgia, palatino, serif; font-size: 12pt;\"><strong>Jean-Philippe Rameau <\/strong>(1683 \u2013 1764)<\/span><br \/>\n<span style=\"font-family: georgia, palatino, serif; font-size: 12pt;\"> Gavotte avec les Doubles pour Clavecin en la mineur aus\u00a0: <em>Nouvelles Suites de Pi\u00e8ces de Clavecin<\/em>, 1726\/27)<\/span><\/p>\n<p><span style=\"font-family: georgia, palatino, serif; font-size: 12pt;\"><strong>Louis de Caix d\u00b4Hervelois <\/strong>(1660\/70 \u2013 ca. 1760)<\/span><br \/>\n<span style=\"font-family: georgia, palatino, serif; font-size: 12pt;\"> Troisi\u00e8me Suite en la mineur: Pr\u00e9lude &#8211; Allemande &#8211; Les Vendengeuses de Monguichet &#8211; La Sache\/ Vivement\u00a0 &#8211; Gigue &#8211; La Badine &#8211; Musette &#8211; La Michel aus\u00a0: <em>Troisi\u00e9me <\/em><em>\u0152vre contenant quatre suites de pieces pour la viole avec la Ba\u00dfe chifr\u00e9e, 1728<\/em><\/span><\/p>\n","protected":false},"excerpt":{"rendered":"<p>Marin Marais (1656 &#8211; 1728) Suite en sol majeur: Prelude &#8211; l\u00b4Allemande Poisat &#8211; Sarabande &#8211; Le petit badinage &#8211; Gigue la pointilleuse &#8211; Saillie du Jardin &#8211; Le Jeu du Volant &#8211; Chaconne aus: Pieces de Viole, 5e\u00a0 livre, 1725 Fran\u00e7ois Couperin (1668 \u2013 1733) Cinqui\u00e8me Pr\u00e9lude pour Clavecin en la majeur aus\u00a0: L\u00b4Art &hellip; <a href=\"https:\/\/faust-peters.de\/?page_id=448\" class=\"more-link\"><span class=\"screen-reader-text\">Programm: Avec privilege du roy<\/span> weiterlesen<\/a><\/p>\n","protected":false},"author":1,"featured_media":0,"parent":0,"menu_order":0,"comment_status":"closed","ping_status":"closed","template":"","meta":[],"_links":{"self":[{"href":"https:\/\/faust-peters.de\/index.php?rest_route=\/wp\/v2\/pages\/448"}],"collection":[{"href":"https:\/\/faust-peters.de\/index.php?rest_route=\/wp\/v2\/pages"}],"about":[{"href":"https:\/\/faust-peters.de\/index.php?rest_route=\/wp\/v2\/types\/page"}],"author":[{"embeddable":true,"href":"https:\/\/faust-peters.de\/index.php?rest_route=\/wp\/v2\/users\/1"}],"replies":[{"embeddable":true,"href":"https:\/\/faust-peters.de\/index.php?rest_route=%2Fwp%2Fv2%2Fcomments&post=448"}],"version-history":[{"count":3,"href":"https:\/\/faust-peters.de\/index.php?rest_route=\/wp\/v2\/pages\/448\/revisions"}],"predecessor-version":[{"id":455,"href":"https:\/\/faust-peters.de\/index.php?rest_route=\/wp\/v2\/pages\/448\/revisions\/455"}],"wp:attachment":[{"href":"https:\/\/faust-peters.de\/index.php?rest_route=%2Fwp%2Fv2%2Fmedia&parent=448"}],"curies":[{"name":"wp","href":"https:\/\/api.w.org\/{rel}","templated":true}]}}