{"id":42,"date":"2017-10-29T12:34:10","date_gmt":"2017-10-29T12:34:10","guid":{"rendered":"http:\/\/faust-peters.de\/?page_id=42"},"modified":"2025-04-16T11:49:33","modified_gmt":"2025-04-16T11:49:33","slug":"programme","status":"publish","type":"page","link":"https:\/\/faust-peters.de\/?page_id=42","title":{"rendered":"Programme"},"content":{"rendered":"<figure id=\"attachment_335\" aria-describedby=\"caption-attachment-335\" style=\"width: 414px\" class=\"wp-caption alignnone\"><img decoding=\"async\" loading=\"lazy\" class=\" wp-image-335\" src=\"https:\/\/faust-peters.de\/wp-content\/uploads\/2018\/01\/Holger-150dpi_1000px-300x249.jpg\" alt=\"\" width=\"414\" height=\"344\" srcset=\"https:\/\/faust-peters.de\/wp-content\/uploads\/2018\/01\/Holger-150dpi_1000px-300x249.jpg 300w, https:\/\/faust-peters.de\/wp-content\/uploads\/2018\/01\/Holger-150dpi_1000px-768x638.jpg 768w, https:\/\/faust-peters.de\/wp-content\/uploads\/2018\/01\/Holger-150dpi_1000px.jpg 1000w\" sizes=\"(max-width: 414px) 100vw, 414px\" \/><figcaption id=\"caption-attachment-335\" class=\"wp-caption-text\"><span style=\"font-family: georgia, palatino, serif; font-size: 8pt;\">Bildbearbeitung: C. Mau\u00e9 | Web.Wort.Bild.Musik | http:\/\/www.cornelia-maue.de<\/span><\/figcaption><\/figure>\n<p><span style=\"font-family: georgia, palatino, serif; font-size: 18pt;\">PROGRAMME<\/span><\/p>\n<p><span style=\"font-size: 18pt;\"><em><strong><span style=\"font-family: georgia, palatino, serif; color: #ff6600;\">Solo<\/span><\/strong><\/em><\/span><\/p>\n<p><span style=\"font-family: georgia, palatino, serif; font-size: 12pt;\"><strong><em>La Gamba<br \/>\n<\/em><\/strong><\/span><span style=\"font-family: georgia, palatino, serif; font-size: 12pt;\">Werke von Ganassi, Ortiz, Marais, Hume, Abel, Schenck, Faust-Peters, Wessel u.a.<br \/>\n<\/span><span style=\"font-size: 12pt;\"><a href=\"https:\/\/faust-peters.de\/?page_id=437\"><span style=\"font-family: georgia, palatino, serif;\">Mehr<\/span><\/a><\/span><\/p>\n<p><span style=\"font-family: georgia, palatino, serif; font-size: 18pt; color: #ff6600;\"><strong><em>focus baroque<br \/>\n<\/em><\/strong><\/span><span style=\"font-family: georgia, palatino, serif; font-size: 12pt;\"><strong>Holger Faust-Peters &#8211; Viola da gamba, Ir\u00e9n Lill &#8211; Cembalo<\/strong><\/span><\/p>\n<p><span style=\"font-family: georgia, palatino, serif; font-size: 12pt;\"><strong><em>Avec Privilege du Roy<br \/>\n<\/em><\/strong><\/span><span style=\"font-family: georgia, palatino, serif; font-size: 12pt;\">Franz\u00f6sische Kammermusik f\u00fcr Viola da gamba und Cembalo<br \/>\n<\/span><span style=\"font-family: georgia, palatino, serif; font-size: 12pt;\">Werke von Marais, Couperin, Heudelinne, Rameau, Caix d&#8217;Hervelois<br \/>\n<\/span><span style=\"font-size: 12pt;\"><a href=\"https:\/\/faust-peters.de\/?page_id=448\"><span style=\"font-family: georgia, palatino, serif;\">Mehr<\/span><\/a><\/span><\/p>\n<p><span style=\"font-family: georgia, palatino, serif; font-size: 12pt;\"><strong><em>Virtuose Gambenmusik aus Deutschland um 1700<br \/>\n<\/em><\/strong><\/span><span style=\"font-family: georgia, palatino, serif; font-size: 12pt;\">Werke von Buxtehude, H\u00f6ffler, Muffat, Finger, Schenk, K\u00fchnel<br \/>\n<\/span><span style=\"font-size: 12pt;\"><a href=\"https:\/\/faust-peters.de\/?page_id=451\"><span style=\"font-family: georgia, palatino, serif;\">Mehr<\/span><\/a><\/span><\/p>\n<p><span style=\"font-family: georgia, palatino, serif; font-size: 12pt;\"><strong><em>Bach -P\u00e4rt<\/em><br \/>\n<\/strong>J.S.Bach: Sonaten D-Dur und G-Moll f\u00fcr Gambe und obligates Cembalo sowie<br \/>\nFratres und Spiegel im Spiegel von Arvo P\u00e4rt f\u00fcr Cello und Klavier<br \/>\n<a href=\"https:\/\/faust-peters.de\/?page_id=605\">Mehr<\/a><\/span><\/p>\n<p><span style=\"font-family: georgia, palatino, serif; font-size: 12pt;\"><strong><em>Der K\u00f6nig bittet zum Tanz<br \/>\n<\/em><\/strong><\/span><span style=\"font-size: 12pt;\"><em><span style=\"font-family: georgia, palatino, serif;\">Geschichten vom Hof des Sonnenk\u00f6nigs<br \/>\n<\/span><\/em><\/span><span style=\"font-family: georgia, palatino, serif; font-size: 12pt;\">Alles dreht sich in diesem Konzert um das Leben beim ber\u00fchmtesten franz\u00f6sischen K\u00f6nig Louis XIV, auch Sonnenk\u00f6nig genannt, &#8230;<br \/>\n<\/span><span style=\"font-family: georgia, palatino, serif; font-size: 12pt;\"><a href=\"link: https:\/\/www.youtube.com\/watch?v=9zaClIMwWvA\">Video<\/a><strong><br \/>\n<\/strong><\/span><span style=\"font-family: georgia, palatino, serif; font-size: 12pt;\"><a href=\"https:\/\/faust-peters.de\/?page_id=391\">Mehr<\/a><\/span><\/p>\n<p><span style=\"font-size: 18pt; font-family: georgia, palatino, serif; color: #ff6600;\"><em><strong>Fortuna Canta<\/strong><\/em><\/span><\/p>\n<p><span style=\"font-family: georgia, palatino, serif; font-size: 12pt;\"><strong>Fortune obscure \u2013 Die Schicksalsballaden des Codex Chantilly<br \/>\n<\/strong><\/span><span style=\"font-family: georgia, palatino, serif; font-size: 12pt;\"><img decoding=\"async\" loading=\"lazy\" class=\"size-full wp-image-274 alignright\" src=\"https:\/\/faust-peters.de\/wp-content\/uploads\/2017\/11\/chantillly.jpg\" alt=\"\" width=\"176\" height=\"236\" \/>\u201eAlle Klarheit ist mir verdunkelt, alle Sch\u00f6nheit scheint mir h\u00e4sslich und alle Freude stimmt mich traurig.\u201c So beginnt der Text einer der zahlreichen ballades, in denen die blinde Schicksalsg\u00f6ttin Fortuna ihr Rad allzu oft so verh\u00e4ngnisvoll nach unten dreht, dass dem machtlosen Erdenmenschen nichts bleibt als die bittere Anklage. In Allegorien und fiktiven Welten erz\u00e4hlen Dichter und Musiker vom Denken und F\u00fchlen der gebildeten Hofmenschen des sp\u00e4ten 14. Jahrhunderts und schaffen mit der Ars subtilior eine mehrstimmige Kunstmusik, die an Komplexit\u00e4t und Raffinesse ihresgleichen sucht.<\/span><\/p>\n<p><span style=\"font-family: georgia, palatino, serif; font-size: 12pt;\"><strong>J\u2019ay pris amour \u2013 Burgundische Chansons<br \/>\n<\/strong><\/span><span style=\"font-family: georgia, palatino, serif; font-size: 12pt;\"><img decoding=\"async\" loading=\"lazy\" class=\"size-full wp-image-273 alignright\" src=\"https:\/\/faust-peters.de\/wp-content\/uploads\/2017\/11\/burgund.jpg\" alt=\"\" width=\"173\" height=\"260\" \/>Die musikgeschichtliche Bedeutung Burgunds liegt haups\u00e4chlich in seiner Hofkapelle begr\u00fcndet. Gegr\u00fcndet 1384 waren in ihr bis zu 28 Musiker angestellt; damit war sie sogar gr\u00f6\u00dfer als die Hofkapelle des K\u00f6nigs von Frankreich oder des Papstes in Avignon. Fast alle Komponisten dieses Programmes waren Mitglieder der Kapelle und standen dementsprechend in engen Kontakt miteinander. Die Aufgaben der S\u00e4nger in der Kapelle waren der Gesang in den t\u00e4glichen Messen und Stundengebeten, besondere mehrstimmige Musik an besonderen Hochfesten und die Gestaltung der zahlreichen Feste, vor allem letztere gemeinsam mit den Instrumentalisten.<\/span><\/p>\n<p><span style=\"font-family: georgia, palatino, serif; font-size: 12pt;\"><strong>musicam hab ich allzeit lieb gehabt<br \/>\n<\/strong><\/span><span style=\"font-family: georgia, palatino, serif; font-size: 12pt;\"><img decoding=\"async\" loading=\"lazy\" class=\"size-full wp-image-276 alignright\" src=\"https:\/\/faust-peters.de\/wp-content\/uploads\/2017\/11\/luther.jpg\" alt=\"\" width=\"170\" height=\"269\" \/>Martin Luther, Theologe und \u00dcbersetzer der Heiligen Schrift, war auch als Dichter, Komponist und S\u00e4nger bekannt. Seine Musik und die seiner Anh\u00e4nger soll in diesem Konzertprogramm Geh\u00f6r finden. Dabei beschr\u00e4nken wir uns nicht auf die geistlichen Chor\u00e4le, sondern beziehen Lieder aus allen Lebensbereichen ein, die den Menschen der Renaissance- Zeit eindr\u00fccklich beschreiben. Darum stehen protestantische Lieder neben z\u00fcnftigen Trinkliedern, Jahreszeitenlieder, die von der Not im Winter berichten, neben zarten Liebesliedern.<\/span><\/p>\n<p><span style=\"font-family: georgia, palatino, serif; font-size: 12pt;\"><strong>O felix templum jubila \u2013 eine Messe um 1400<br \/>\n<\/strong><\/span><span style=\"font-family: georgia, palatino, serif; font-size: 12pt;\"><img decoding=\"async\" loading=\"lazy\" class=\"size-full wp-image-277 alignright\" src=\"https:\/\/faust-peters.de\/wp-content\/uploads\/2017\/11\/messe.jpg\" alt=\"\" width=\"169\" height=\"241\" \/>Hier widmet sich Fortuna Canta der geistlichen Musik des sp\u00e4ten Mittelalters. In einer Zeit, in der der Glaube ein allt\u00e4glicher Bestandteil des Lebens ist und die Kirche einen betr\u00e4chtlichen Machtfaktor in der Gesellschaft innehat, verwundert es nicht, wenn die \u201eAvantgarde-Komponisten\u201c der Zeit wie Matteo da Perugia, Johannes Ciconia oder Paolo da Firenze neben weltlicher auch geistliche Musik schreiben. Sie lassen aber auch hier die Tradition des gregorianischen Chorals weit hinter sich und adaptieren ihren neuen weltlichen Musikstil ohne weiteres auf die geistliche Musik. So kann ein Credo genauso subtil klingen wie eine weltliche Ballata und der Reiz der Mehrstimmigkeit erf\u00fcllt von da an auch die Kirchenr\u00e4ume des aufstrebenden Italien.<\/span><br \/>\n<span style=\"font-family: georgia, palatino, serif; font-size: 12pt;\"> Mit diesem Programm stellt Fortuna Canta ausgew\u00e4hlte Messteile aus der Hand verschiedener vorwiegend italienischer Komponisten vor. Erg\u00e4nzt durch instrumentale Teile und einige geistliche Werke au\u00dferhalb der Messvertonung entsteht ein kontemplatives Gesamtwerk von etwa einer Stunde Dauer.<\/span><\/p>\n<p><span style=\"font-family: georgia, palatino, serif; font-size: 12pt;\"><strong>Che cosa \u00e8 quest\u2019amor<\/strong><br \/>\n<em>Liebe in einem Kaleidoskop weltlicher Musik an italienischen und franz\u00f6sischen F\u00fcrstenh\u00f6fen.<\/em><\/span><br \/>\n<span style=\"font-family: georgia, palatino, serif; font-size: 12pt;\"> <img decoding=\"async\" loading=\"lazy\" class=\"size-full wp-image-275 alignright\" src=\"https:\/\/faust-peters.de\/wp-content\/uploads\/2017\/11\/che-cosa.jpg\" alt=\"\" width=\"173\" height=\"204\" \/>In diesem Programm erklingen neben den wichtigsten Komponisten des 14. Jahrhunderts auch einige selten gespielte Werke. Das Programm f\u00fchrt durch die italienische Trecentomusik mit Balladen und Madrigalen von Francesco Landini, Paolo da Firenze, Matteo da Perusio u.a. Es zeigt auch in eindrucksvoller Weise, wie die Musiker dieser Zeit durch immer raffinierteres Verzieren vorgegebener Melodien ganz neue und hoch virtuose St\u00fccke entstehen lie\u00dfen. So werden aus dem ber\u00fchmten Codex Faenza Diminutionen von Jacopo da Bologna gespielt, ebenso aber auch eigene Diminutionen des Ensembles. Demgegen\u00fcber stehen Werke der \u201eArs subtilior\u201c, einem Stil aus Frankreich, bei dem die rhythmische Komplexit\u00e4t heutige Ohren \u00fcberrascht. Oftmals mit verschiedenen Taktarten in jeder Stimme und extrem verschobenen Bez\u00fcgen zwischen den Stimmen entsteht hier eine ungeheure Spannung, die im rhythmischen Bereich erst wieder im 20. Jahrhundert erreicht wird. Neben Guillaume de Machaut und Solage stehen in diesem Stil auch einige anonyme Komponisten aus dem Codex Chantilly auf dem Programm. Mit einigen St\u00fccken von Guillaume Dufay werden die letzten im Gestus noch mittelalterlichen St\u00fccke zu Geh\u00f6r gebracht; erste Floskeln, die die niederl\u00e4ndische Schule der fr\u00fchen Renaissancemusik vorbereiten, werden hier erkennbar.<\/span><\/p>\n<p><span style=\"font-family: georgia, palatino, serif; font-size: 12pt;\"><strong>Elissa, fahre fort<br \/>\n<\/strong><em>Lesung aus Boccaccios Decamerone und Musik aus dem Florenz des 14. Jahrhunderts<br \/>\n<\/em><\/span><span style=\"font-family: georgia, palatino, serif; font-size: 12pt;\"><img decoding=\"async\" loading=\"lazy\" class=\"size-medium wp-image-279 alignright\" src=\"https:\/\/faust-peters.de\/wp-content\/uploads\/2017\/11\/220px-Andrea_del_Castagno_Giovanni_Boccaccio_c_1450-191x300.jpg\" sizes=\"(max-width: 191px) 100vw, 191px\" srcset=\"https:\/\/faust-peters.de\/wp-content\/uploads\/2017\/11\/220px-Andrea_del_Castagno_Giovanni_Boccaccio_c_1450-191x300.jpg 191w, https:\/\/faust-peters.de\/wp-content\/uploads\/2017\/11\/220px-Andrea_del_Castagno_Giovanni_Boccaccio_c_1450.jpg 220w\" alt=\"\" width=\"191\" height=\"300\" \/>Norditalien um 1350. Die Pest verw\u00fcstet das Land, das niedere Volk wird durch Verschwendungssucht und Fehden von den herrschenden H\u00e4usern gepl\u00fcndert, das Schisma (Kirchenteilung) der r\u00f6misch-katholischen Kirche beraubt die Menschen ihrer kulturellen und geistigen Wurzeln. Der \u201eHerbst des Mittelalters\u201c (Huizinga) ist gekommen, und gleichzeitig erwachen durch Dichter wie Petrarca und Boccaccio die ersten blassen Farben der \u201eNeuzeit\u201c, der Renaissance.<\/span><br \/>\n<span style=\"font-family: georgia, palatino, serif; font-size: 12pt;\"> In dieses Spannungsfeld begibt sich Fortuna Canta gemeinsam mit dem Rezitator <strong>Heiko Daniels<\/strong>. Dieser liest Geschichten aus Boccaccios Hauptwerk \u201e<strong>Il Decamerone<\/strong>\u201c in einer deutschen \u00dcbersetzung; die Musik kommentiert und erg\u00e4nzt diese Geschichten mit Werken, die im unmittelbaren Umfeld Boccaccios entstanden sind. Es erklingt Musik von Francesco Landini,Bartolino da Padova, Lorenzo da Firenze und anderen. Hier wird die Poesie nicht nur musikalisch, sondern auch in der Originalsprache erfahrbar.<\/span><br \/>\n<span style=\"font-family: georgia, palatino, serif; font-size: 12pt;\"> Musik: Francesco Landini, Paolo da Firenze, Jacopo da Bologna, Bartolino da Padova u.a.<\/span><\/p>\n<p><span style=\"font-family: georgia, palatino, serif; font-size: 18pt; color: #ff6600;\"><strong><em>pellegrino<br \/>\n<\/em><\/strong><\/span><span style=\"font-size: 12pt;\"><strong><span style=\"font-family: georgia, palatino, serif;\">Holger Faust-Peters, Ute Faust, Sofia Diniz: Renaissancegamben.<\/span><\/strong><\/span><\/p>\n<p><span style=\"font-family: georgia, palatino, serif; font-size: 12pt;\"><strong><em>&#8222;Marguerite&#8220;<br \/>\n<\/em><\/strong><\/span><span style=\"font-family: georgia, palatino, serif; font-size: 12pt;\">Musik f\u00fcr 3 Gamben von Ruffo, Walther, Ortiz, Josquin, Isaac, Hume u.a.<br \/>\n<\/span><span style=\"font-family: georgia, palatino, serif; font-size: 12pt;\">Mehr<\/span><\/p>\n<p><span style=\"font-family: georgia, palatino, serif; font-size: 18pt; color: #ff6600;\"><strong><em>gemini<br \/>\n<\/em><\/strong><\/span><span style=\"font-family: georgia, palatino, serif; font-size: 12pt;\"><strong>Holger Faust-Peters &#8211; Viola da gamba; Andr\u00e9 Henrich &#8211; Laute<\/strong><\/span><\/p>\n<p><span style=\"font-family: georgia, palatino, serif; font-size: 12pt;\"><strong>\u00a0\u201e<em>ayn holdselig und freuntlich sayttenspil\u201c<br \/>\n<\/em><\/strong><\/span><span style=\"font-family: georgia, palatino, serif; font-size: 12pt;\">Musik der Renaissance<br \/>\n<\/span><span style=\"font-family: georgia, palatino, serif; font-size: 12pt;\">Werke von Ortiz, Dowland, Hume, Frescobaldi, Selma u.a.<br \/>\n<\/span><span style=\"font-family: georgia, palatino, serif; font-size: 12pt;\">Mehr<\/span><\/p>\n<p><span style=\"font-size: 12pt;\"><strong><span style=\"font-family: georgia, palatino, serif;\"><em>KLANGASPEKTE<br \/>\n<\/em><\/span><\/strong><em><span style=\"font-family: georgia, palatino, serif;\">Zeitgen\u00f6ssische Musik f\u00fcr Gambe und Laute<br \/>\n<\/span><\/em><\/span><span style=\"font-family: georgia, palatino, serif; font-size: 12pt;\">Werke von Mauricio Kagel, John Cage, Hae-Kyung Choi, Dora Cojocaru, Karlheinz Stockhausen, Kai Wessel und Mayako Kubo<br \/>\n<\/span><span style=\"font-family: georgia, palatino, serif; font-size: 12pt;\">Mehr<\/span><\/p>\n<p><span style=\"font-family: georgia, palatino, serif; font-size: 12pt;\"><strong><em>Barock und Galanter Stil aus Deutschland<\/em><\/strong><br \/>\n<em>Werke von K\u00fchnel, Schenck, Reusner, Hesse, Abel<br \/>\n<\/em><\/span><span style=\"font-family: georgia, palatino, serif; font-size: 12pt;\">Mehr<\/span><\/p>\n<p><span style=\"font-family: georgia, palatino, serif; font-size: 18pt;\"><em><strong><span style=\"color: #ff6600;\">Kinderprogramme<\/span><\/strong><\/em><\/span><\/p>\n<p><span style=\"font-family: georgia, palatino, serif; font-size: 12pt;\"><strong><em>L\u00fcge oder Wahrheit<br \/>\n<\/em><\/strong><\/span><span style=\"font-family: georgia, palatino, serif; font-size: 12pt;\"><em>m\u00e4rchenhafte Geschichten und Musik aus alter Zeit<br \/>\n<\/em><\/span><span style=\"font-family: georgia, palatino, serif; font-size: 12pt;\">mit der M\u00e4rchenerz\u00e4hlerin Veronika H\u00f6fele<br \/>\n<\/span><span style=\"font-family: georgia, palatino, serif; font-size: 12pt;\">und den Musikern Ute Faust, Fidel und Blockfl\u00f6te und<br \/>\nHolger Faust-Peters, Fidel und Organetto<br \/>\n<\/span><\/p>\n<p><span style=\"font-family: georgia, palatino, serif; font-size: 12pt;\">L\u00fcge oder Wahrheit &#8211; so der Titel unseres neuen Programms, das kleinen und gro\u00dfen Kindern die Welt der mittelalterlichen Musik er\u00f6ffnet. Der Schl\u00fcssel dazu sind drei zauberhafte M\u00e4rchen, von der Erz\u00e4hlerin Veronika H\u00f6fele frei, schillernd und lebendig vorgetragen. Die beiden Musiker liefern die entsprechende Atmosph\u00e4re und lassen die Zuh\u00f6rer eintauchen in vergangene Zeiten.<br \/>\n<\/span><span style=\"font-family: georgia, palatino, serif; font-size: 12pt;\">Mehr<\/span><\/p>\n<p><span style=\"font-family: georgia, palatino, serif; font-size: 12pt;\"><strong><em>Der K\u00f6nig bittet zum Tanz<br \/>\n<\/em><\/strong><em>Geschichten vom Hof des Sonnenk\u00f6nigs<br \/>\nMareike Greb, Tanz &#8211; focus baroque, Musik<\/em><em><br \/>\n<\/em>Alles dreht sich in diesem Konzert um das Leben beim ber\u00fchmtesten franz\u00f6sischen K\u00f6nig Louis XIV, auch Sonnenk\u00f6nig genannt, &#8230;<\/span><br \/>\n<span style=\"font-family: georgia, palatino, serif; font-size: 12pt;\"><a href=\"link: https:\/\/www.youtube.com\/watch?v=9zaClIMwWvA\">Video<\/a><strong><br \/>\n<\/strong><a href=\"https:\/\/faust-peters.de\/?page_id=391\">Mehr<\/a><\/span><\/p>\n<p>&nbsp;<\/p>\n","protected":false},"excerpt":{"rendered":"<p>PROGRAMME Solo La Gamba Werke von Ganassi, Ortiz, Marais, Hume, Abel, Schenck, Faust-Peters, Wessel u.a. Mehr focus baroque Holger Faust-Peters &#8211; Viola da gamba, Ir\u00e9n Lill &#8211; Cembalo Avec Privilege du Roy Franz\u00f6sische Kammermusik f\u00fcr Viola da gamba und Cembalo Werke von Marais, Couperin, Heudelinne, Rameau, Caix d&#8217;Hervelois Mehr Virtuose Gambenmusik aus Deutschland um 1700 &hellip; <a href=\"https:\/\/faust-peters.de\/?page_id=42\" class=\"more-link\"><span class=\"screen-reader-text\">Programme<\/span> weiterlesen<\/a><\/p>\n","protected":false},"author":1,"featured_media":0,"parent":0,"menu_order":0,"comment_status":"closed","ping_status":"closed","template":"","meta":[],"_links":{"self":[{"href":"https:\/\/faust-peters.de\/index.php?rest_route=\/wp\/v2\/pages\/42"}],"collection":[{"href":"https:\/\/faust-peters.de\/index.php?rest_route=\/wp\/v2\/pages"}],"about":[{"href":"https:\/\/faust-peters.de\/index.php?rest_route=\/wp\/v2\/types\/page"}],"author":[{"embeddable":true,"href":"https:\/\/faust-peters.de\/index.php?rest_route=\/wp\/v2\/users\/1"}],"replies":[{"embeddable":true,"href":"https:\/\/faust-peters.de\/index.php?rest_route=%2Fwp%2Fv2%2Fcomments&post=42"}],"version-history":[{"count":18,"href":"https:\/\/faust-peters.de\/index.php?rest_route=\/wp\/v2\/pages\/42\/revisions"}],"predecessor-version":[{"id":607,"href":"https:\/\/faust-peters.de\/index.php?rest_route=\/wp\/v2\/pages\/42\/revisions\/607"}],"wp:attachment":[{"href":"https:\/\/faust-peters.de\/index.php?rest_route=%2Fwp%2Fv2%2Fmedia&parent=42"}],"curies":[{"name":"wp","href":"https:\/\/api.w.org\/{rel}","templated":true}]}}