{"id":40,"date":"2017-10-29T12:22:41","date_gmt":"2017-10-29T12:22:41","guid":{"rendered":"http:\/\/faust-peters.de\/?page_id=40"},"modified":"2026-01-03T13:07:49","modified_gmt":"2026-01-03T13:07:49","slug":"ensembles","status":"publish","type":"page","link":"https:\/\/faust-peters.de\/?page_id=40","title":{"rendered":"focus baroque"},"content":{"rendered":"<p><span style=\"font-family: georgia,palatino,serif;\"><strong><em>focus baroque<\/em><\/strong><\/span><\/p>\n<p><span style=\"font-family: georgia,palatino,serif;\">Holger Faust-Peters und Ir\u00e9n Lill arbeiten seit 2004 intensiv zusammen und spielen zahlreiche Programme mit Musik der Barockzeit. Dabei stand zun\u00e4chst Gambenmusik von Marais,\u00a0 Forqueray, J.S.Bach, C.P.E. Bach, Telemann, Abel u.a. im Vordergrund. In einige Programme werden auch Komponisten der Gegenwart mit einbezogen. Vom Publikum geliebt wird das Programm Bach &#8211; P\u00e4rt, in dem neben 2 der Gambensonaten J.S. Bachs auch die Werke <em>Fratres<\/em> und <em>Spiegel im Spiegel<\/em> von Arvo P\u00e4rt in der Besetzung Cello\/Klavier erklingen. Im Mai 2025 wurde das Werk <em>little suite<\/em> des estnischen Komponisten T\u00f5nu K\u00f5rvits innerhalb <em>zamus: early music festival<\/em> in K\u00f6ln uraufgef\u00fchrt.<\/span><\/p>\n<p><span style=\"font-family: georgia,palatino,serif;\">2009 erschien die erste CD\u00a0 \u201eAnno 1698\u201c mit Kompositionen von Schenck, H\u00f6ffler, Finger, Buxtehude u.a.\u00a0<\/span><span style=\"font-family: georgia,palatino,serif;\">2012 folgte die 2. CD mit dem Titel \u201eAvec privil\u00e8ge du roy\u201c. Hier erklingen Werke von Marais, Couperin, Heudelinne, Caix d\u00b4Hervelois u.a.<\/span><\/p>\n<p><span style=\"font-family: georgia,palatino,serif;\">Neben reinen Konzertprogrammen pr\u00e4sentiert focus baroque auch die Produktion &#8222;Der K\u00f6nig bittet zum Tanz&#8220; mit der Barockt\u00e4nzerin und Schauspielerin Mareike Greb.<\/span><\/p>\n","protected":false},"excerpt":{"rendered":"<p>focus baroque Holger Faust-Peters und Ir\u00e9n Lill arbeiten seit 2004 intensiv zusammen und spielen zahlreiche Programme mit Musik der Barockzeit. Dabei stand zun\u00e4chst Gambenmusik von Marais,\u00a0 Forqueray, J.S.Bach, C.P.E. Bach, Telemann, Abel u.a. im Vordergrund. In einige Programme werden auch Komponisten der Gegenwart mit einbezogen. Vom Publikum geliebt wird das Programm Bach &#8211; P\u00e4rt, in &hellip; <a href=\"https:\/\/faust-peters.de\/?page_id=40\" class=\"more-link\"><span class=\"screen-reader-text\">focus baroque<\/span> weiterlesen<\/a><\/p>\n","protected":false},"author":1,"featured_media":0,"parent":0,"menu_order":0,"comment_status":"closed","ping_status":"closed","template":"","meta":[],"_links":{"self":[{"href":"https:\/\/faust-peters.de\/index.php?rest_route=\/wp\/v2\/pages\/40"}],"collection":[{"href":"https:\/\/faust-peters.de\/index.php?rest_route=\/wp\/v2\/pages"}],"about":[{"href":"https:\/\/faust-peters.de\/index.php?rest_route=\/wp\/v2\/types\/page"}],"author":[{"embeddable":true,"href":"https:\/\/faust-peters.de\/index.php?rest_route=\/wp\/v2\/users\/1"}],"replies":[{"embeddable":true,"href":"https:\/\/faust-peters.de\/index.php?rest_route=%2Fwp%2Fv2%2Fcomments&post=40"}],"version-history":[{"count":7,"href":"https:\/\/faust-peters.de\/index.php?rest_route=\/wp\/v2\/pages\/40\/revisions"}],"predecessor-version":[{"id":609,"href":"https:\/\/faust-peters.de\/index.php?rest_route=\/wp\/v2\/pages\/40\/revisions\/609"}],"wp:attachment":[{"href":"https:\/\/faust-peters.de\/index.php?rest_route=%2Fwp%2Fv2%2Fmedia&parent=40"}],"curies":[{"name":"wp","href":"https:\/\/api.w.org\/{rel}","templated":true}]}}