{"id":391,"date":"2018-01-06T09:39:52","date_gmt":"2018-01-06T09:39:52","guid":{"rendered":"http:\/\/faust-peters.de\/?page_id=391"},"modified":"2018-01-06T09:39:52","modified_gmt":"2018-01-06T09:39:52","slug":"der-koenig-bittet-zum-tanz","status":"publish","type":"page","link":"https:\/\/faust-peters.de\/?page_id=391","title":{"rendered":"Der K\u00f6nig bittet zum Tanz"},"content":{"rendered":"<p>Alles dreht sich in diesem Konzert um das Leben beim ber\u00fchmtesten franz\u00f6sischen K\u00f6nig Louis XIV, auch Sonnenk\u00f6nig genannt, der schon als 4-j\u00e4hriger Junge den Thron erbte! Wie lebte man damals in einem der prachtvollsten K\u00f6nigsh\u00f6fe Europas? Wer durfte dabei sein, wenn seine Majest\u00e4t morgens angekleidet wurde? Wer musste ihm beim Speisen zusehen? Wie stand es um des K\u00f6nigs Tanzk\u00fcnste? Welche heimlichen W\u00fcnsche hatten die Adligen, die in seinem Schloss wohnten? Wie war es, wenn man damals operiert werden musste, und warum geriet ein Matrose schon mal ins Wanken?<\/p>\n<p>Auf \u00a0diese \u00a0und \u00a0andere \u00a0Fragen \u00a0wird \u00a0es \u00a0Antworten \u00a0in \u00a0Musik, Sprache, T\u00e4nzen und Bildern geben.<\/p>\n<p>Mareike Greb &#8211; Tanz; <em>focus baroque<\/em><br \/>\n&nbsp;<\/p>\n<p>Eine Barockt\u00e4nzerin in historischem Kost\u00fcm trifft in diesem Programm auf 2 heutige legere Musiker, die in irgend einer Ecke verstaubte Noten aus alter Zeit gefunden haben &#8211; beide Seiten treffen aufeinander und erz\u00e4hlen aus ihrer jeweiligen Perspektive \u00fcber das Leben am Hof &#8211; mit extrem unterschiedlichem Blickwinkel nat\u00fcrlich&#8230; Dabei erklingt Musik aus Versailles u.a. von den damals ber\u00fchmten Komponisten Couperin und Marais, dazu gibt es T\u00e4nze zu sehen, man erf\u00e4hrt \u00fcber die Sitten bei Hof, das Ankleiden des K\u00f6nigs, die Sehnsucht nach dem vermeintlich idyllischen Landleben und \u00fcber eine Gallensteinoperation im 17. Jhdt. Am Ende werden die Zuh\u00f6rer noch kurz zum Tanz gebeten. Untermalt wird das Ganze durch Gem\u00e4lde, die als Powerpointpr\u00e4sentation im Hintergrund zu sehen sind.<\/p>\n","protected":false},"excerpt":{"rendered":"<p>Alles dreht sich in diesem Konzert um das Leben beim ber\u00fchmtesten franz\u00f6sischen K\u00f6nig Louis XIV, auch Sonnenk\u00f6nig genannt, der schon als 4-j\u00e4hriger Junge den Thron erbte! Wie lebte man damals in einem der prachtvollsten K\u00f6nigsh\u00f6fe Europas? Wer durfte dabei sein, wenn seine Majest\u00e4t morgens angekleidet wurde? Wer musste ihm beim Speisen zusehen? Wie stand es &hellip; <a href=\"https:\/\/faust-peters.de\/?page_id=391\" class=\"more-link\"><span class=\"screen-reader-text\">Der K\u00f6nig bittet zum Tanz<\/span> weiterlesen<\/a><\/p>\n","protected":false},"author":1,"featured_media":0,"parent":0,"menu_order":0,"comment_status":"closed","ping_status":"closed","template":"","meta":[],"_links":{"self":[{"href":"https:\/\/faust-peters.de\/index.php?rest_route=\/wp\/v2\/pages\/391"}],"collection":[{"href":"https:\/\/faust-peters.de\/index.php?rest_route=\/wp\/v2\/pages"}],"about":[{"href":"https:\/\/faust-peters.de\/index.php?rest_route=\/wp\/v2\/types\/page"}],"author":[{"embeddable":true,"href":"https:\/\/faust-peters.de\/index.php?rest_route=\/wp\/v2\/users\/1"}],"replies":[{"embeddable":true,"href":"https:\/\/faust-peters.de\/index.php?rest_route=%2Fwp%2Fv2%2Fcomments&post=391"}],"version-history":[{"count":1,"href":"https:\/\/faust-peters.de\/index.php?rest_route=\/wp\/v2\/pages\/391\/revisions"}],"predecessor-version":[{"id":392,"href":"https:\/\/faust-peters.de\/index.php?rest_route=\/wp\/v2\/pages\/391\/revisions\/392"}],"wp:attachment":[{"href":"https:\/\/faust-peters.de\/index.php?rest_route=%2Fwp%2Fv2%2Fmedia&parent=391"}],"curies":[{"name":"wp","href":"https:\/\/api.w.org\/{rel}","templated":true}]}}