{"id":383,"date":"2018-01-06T09:18:41","date_gmt":"2018-01-06T09:18:41","guid":{"rendered":"http:\/\/faust-peters.de\/?page_id=383"},"modified":"2019-09-17T07:54:16","modified_gmt":"2019-09-17T07:54:16","slug":"termine-2018","status":"publish","type":"page","link":"https:\/\/faust-peters.de\/?page_id=383","title":{"rendered":"Termine 2018"},"content":{"rendered":"<p><span style=\"font-family: georgia, palatino, serif; color: #ff6600; font-size: 18pt;\">Januar<\/span><\/p>\n<p><span style=\"font-family: georgia, palatino, serif; font-size: 12pt;\">Freitag, 19.1. 2018, 9.40 und 11.30 | INTERNE VERANSTALTUNG | <\/span><span style=\"font-family: georgia, palatino, serif; font-size: 12pt;\">Gymnasium Monschau<br \/>\n<\/span><span style=\"font-family: georgia, palatino, serif; font-size: 12pt;\"><strong>Der K\u00f6nig bittet zum Tanz \u2013 Geschichten vom Hof des Sonnenk\u00f6nigs<\/strong><br \/>\nMareike Greb, Tanz | focus baroque: Holger Faust-Peters, Viola da gamba, Ir\u00e9n Lill, Cembalo<\/span><\/p>\n<p><span style=\"font-family: georgia, palatino, serif; font-size: 18pt; color: #ff6600;\">M\u00e4rz<\/span><\/p>\n<p><span style=\"font-family: georgia, palatino, serif; font-size: 12pt;\">Freitag, 2.3.2018, 20 Uhr | <\/span><span style=\"font-family: georgia, palatino, serif; font-size: 12pt;\">Trinitatiskirche, Bonn Endenich<br \/>\n<\/span><span style=\"font-family: georgia, palatino, serif; font-size: 12pt;\"><strong>Werke von H\u00e4ndel, Telemann, Barber und Karlowicz<\/strong> f\u00fcr Streichorchester<br \/>\n<\/span><span style=\"font-family: georgia, palatino, serif; font-size: 12pt;\">Ensemble 07<br \/>\n<\/span><span style=\"font-family: georgia, palatino, serif; font-size: 12pt;\"><a href=\"http:\/\/www.ensemble-07.de\/cms\/website.php?id=\/de\/index.htm\">http:\/\/www.ensemble-07.de\/cms\/website.php?id=\/de\/index.htm<\/a><\/span><\/p>\n<p><span style=\"font-size: 12pt;\"><span style=\"font-family: georgia, palatino, serif;\">Samstag, 3.3.2018, 20 Uhr | <\/span><span style=\"font-family: georgia, palatino, serif;\">Gnadenkirche, Bergisch Gladbach<br \/>\n<\/span><span style=\"font-family: georgia, palatino, serif;\"><strong>Werke von H\u00e4ndel, Telemann, Barber und Karlowicz<\/strong> f\u00fcr Streichorchester<br \/>\n<\/span><span style=\"font-family: georgia, palatino, serif;\">Ensemble 07<br \/>\n<\/span><span style=\"font-family: georgia, palatino, serif;\"><a href=\"http:\/\/www.ensemble-07.de\/cms\/website.php?id=\/de\/index.htm\">http:\/\/www.ensemble-07.de\/cms\/website.php?id=\/de\/index.htm<\/a><\/span><\/span><\/p>\n<p><span style=\"font-family: georgia, palatino, serif; font-size: 18pt; color: #ff6600;\">April<br \/>\n<\/span><span style=\"font-family: georgia, palatino, serif; font-size: 12pt;\">Samstag, 14.4. 2018, 18.30 Uhr | Integrierte Gesamtschule Paffrath<br \/>\nPartnerschaftskonzert Bergisch Gladbach &#8211; Joinville-le-Pont<\/span><br \/>\n<span style=\"font-family: georgia, palatino, serif; font-size: 12pt;\">Werke von Mozart, Bizet, Gershwin u.a.<\/span><br \/>\n<span style=\"font-family: georgia, palatino, serif; font-size: 12pt;\">Die Saitent\u00e4nzer, Leitung: Holger Faust-Peters, L&#8217;Orchestre de l&#8217;Ecole de Musique et d&#8217;Art Dramatique, Strunde-P\u00e4nz<\/span><\/p>\n<p><span style=\"font-family: georgia, palatino, serif; font-size: 18pt; color: #ff6600;\">Juni<\/span><br \/>\n<span style=\"font-family: georgia, palatino, serif; font-size: 12pt;\">Freitag, 29.6.2018, 18 Uhr | Integrierte Gesamtschule Paffrath<\/span><br \/>\n<span style=\"font-family: georgia, palatino, serif; font-size: 12pt;\"><strong>Frisch Gestrichen<\/strong> &#8211; Orchesterkonzert der Musikschule Bergisch Gladbach<\/span><br \/>\n<span style=\"font-family: georgia, palatino, serif; font-size: 12pt;\">Werke von Mozart, Bizet, Lunn, div. T\u00e4nze. Gesamtleitung: Holger Faust-Peters<\/span><\/p>\n<p><span style=\"font-family: georgia, palatino, serif; font-size: 18pt; color: #ff6600;\">Juli<\/span><br \/>\n<span style=\"font-family: georgia, palatino, serif; font-size: 12pt;\">Samstag, 21.7.2018, 19 Uhr | Kloster Springiersbach\/Mosel<\/span><br \/>\n<span style=\"font-family: georgia, palatino, serif; font-size: 12pt;\">Er\u00f6ffnungskonzert Sommerkurse f\u00fcr Alte Musik<\/span><br \/>\n<span style=\"font-family: georgia, palatino, serif; font-size: 12pt;\">Werke von Cazzati, Mancini, Vivaldi, Marais u.a.<\/span><br \/>\n<span style=\"font-family: georgia, palatino, serif; font-size: 12pt;\">Lucia Mense, Blockfl\u00f6te &#8211; Holger Faust-Peters, VIola da gamba und Barockcello &#8211; Alexander Puliaev, Cembalo u.a.<\/span><\/p>\n<p><span style=\"font-family: georgia, palatino, serif; font-size: 18pt; color: #ff6600;\">September<\/span><br \/>\n<span style=\"font-family: georgia, palatino, serif; font-size: 12pt;\">Samstag, 8.9.2018, 19 Uhr | Kunstraum Tosterglope<\/span><br \/>\n<span style=\"font-family: georgia, palatino, serif; font-size: 12pt;\">Elissa, fahre fort &#8211; Lesung aus Boccaccios Decamerone und florentinische Musik aus dem 14. Jahrhundert<\/span><br \/>\n<span style=\"font-family: georgia, palatino, serif; font-size: 12pt;\">Fortuna Canta: Stefanie Brijoux, Sopran &#8211; Katrin Krau\u00df, Blockfl\u00f6te &#8211; Ute Faust, Fidel und Blockfl\u00f6te &#8211; Holger Faust-Peters: Fidel<\/span><br \/>\n<span style=\"font-family: georgia, palatino, serif; font-size: 12pt;\">Heiko Daniels, Rezitation<\/span><br \/>\n<span style=\"font-family: georgia, palatino, serif; font-size: 12pt;\"><a href=\"https:\/\/www.kunstraum-tosterglope.de\/event\/boccaccio-konzert-und-lesung-fortuna-canta\/\">https:\/\/www.kunstraum-tosterglope.de\/event\/boccaccio-konzert-und-lesung-fortuna-canta\/<\/a><\/span><\/p>\n<p><span style=\"font-family: georgia, palatino, serif; font-size: 12pt;\">Freitag, 14.9.2018, 17 Uhr | Beit Jala\/Pal\u00e4stina<\/span><br \/>\n<span style=\"font-family: georgia, palatino, serif; font-size: 12pt;\">Er\u00f6ffnung des Bergisch Gladbach-Platzes<\/span><br \/>\n<span style=\"font-family: georgia, palatino, serif; font-size: 12pt;\">Musik: Chor Beit Jala, Friedrich Herweg, Gitarre, Holger Faust-Peters, Cello<\/span><\/p>\n<p><span style=\"font-family: georgia, palatino, serif; font-size: 12pt;\">Samstag, 15.9.2018, 20 Uhr | Weingut Cremisan, Beit Jala\/Pal\u00e4stina<\/span><br \/>\n<span style=\"font-family: georgia, palatino, serif; font-size: 12pt;\">Internationales Friedensfestival<\/span><br \/>\n<span style=\"font-family: georgia, palatino, serif; font-size: 12pt;\">Musik: Friedrich Herweg, Gitarre, Holger Faust-Peters, Cello (u.a.)<\/span><\/p>\n<p><span style=\"font-family: georgia, palatino, serif; font-size: 12pt;\">Donnerstag, 20.9.2018, 19.30 | St. Pankratius, Odenthal<\/span><br \/>\n<span style=\"font-family: georgia, palatino, serif; font-size: 12pt;\">Er\u00f6ffnungskonzert des 17. Altenberger Herbstkurses f\u00fcr Alte Musik<\/span><br \/>\n<span style=\"font-family: georgia, palatino, serif; font-size: 12pt;\">Ave Maria &#8211; Musik aus Mittelalter und Renaissance<\/span><br \/>\n<span style=\"font-family: georgia, palatino, serif; font-size: 12pt;\"><strong><em>Landimini: <\/em><\/strong>Rosa Schr\u00f6der, Jette M\u00fcller, Runa R\u00f6sener, Edith Faust, Anni Faust: Gesang, Blockfl\u00f6ten, Gamben, Harfe, Organetto, Cembalo, Laute, Psalter, Streichpsalter, Scheitholt, Maultrommel, Trommel, Glocken. Leitung: Holger Faust-Peters<\/span><\/p>\n<p><span style=\"font-family: georgia, palatino, serif; font-size: 12pt;\">Samstag, 29.9.2018, 19 Uhr | St\u00e4dische Galerie Villa Zanders, Bergisch Gladbach<\/span><br \/>\n<span style=\"font-family: georgia, palatino, serif; font-size: 12pt;\">Dozentenkonzert der Max-Bruch-Musikschule <\/span><br \/>\n<span style=\"font-family: georgia, palatino, serif; font-size: 12pt;\">Werke f\u00fcr Gamben, Cembalo, Klavier, Gitarre, Gesang &#8211; Werke u.a. von Marais, Couperin, White, Stoltzer, Thieme<\/span><\/p>\n<p><span style=\"font-family: georgia, palatino, serif; font-size: 18pt; color: #ff6600;\">Oktober<br \/>\n<span style=\"font-size: 12pt; color: #000000;\">Samstag,6.10.2019, 20 Uhr | INTERNE VERANSTALTUNG | Kardinal Schulte Haus <\/span><\/span><span style=\"font-family: georgia, palatino, serif; font-size: 18pt; color: #ff6600;\"><span style=\"font-size: 12pt; color: #000000;\">Bergisch Gladbach &#8211; Montessori Jahresversammlung<\/span><br \/>\n<span style=\"font-size: 12pt; color: #000000;\"> <strong>Der K\u00f6nig bittet zum Tanz \u2013 Geschichten vom Hof des Sonnenk\u00f6nigs<\/strong><\/span><br \/>\n<span style=\"font-size: 12pt; color: #000000;\"> Mareike Greb, Tanz | focus baroque: Holger Faust-Peters, Viola da gamba, Ir\u00e9n Lill, Cembalo<\/span><br \/>\n<\/span><\/p>\n<p><span style=\"font-family: georgia, palatino, serif; font-size: 18pt; color: #ff6600;\">November<\/span><br \/>\n<span style=\"font-family: georgia, palatino, serif; font-size: 12pt;\">Sonntag, 4.11.2018, 17 Uhr | St. Nikolaus, Bergisch Gladbach-Bensberg<\/span><br \/>\n<span style=\"font-family: georgia, palatino, serif; font-size: 12pt;\">J.S. Bach,Messe h-Moll <\/span><br \/>\n<span style=\"font-family: georgia, palatino, serif; font-size: 12pt;\">Leitung: Ludwig Go\u00dfner<\/span><\/p>\n<p><span style=\"font-family: georgia, palatino, serif; font-size: 18pt; color: #ff6600;\">Dezember<\/span><br \/>\n<span style=\"font-family: georgia, palatino, serif; font-size: 12pt;\">Dienstag, 11.12.2018, 19 Uhr | Kirche zum Frieden Gottes<\/span><br \/>\n<span style=\"font-family: georgia, palatino, serif; font-size: 12pt;\">Der Himmelvoller Geigen &#8211; Orchester, Chor und Kammermusik der Max-Bruch-Musikschule<\/span><br \/>\n<span style=\"font-family: georgia, palatino, serif; font-size: 12pt;\">Werke von Rieding, Webber, Ora\u010dko u.a. Gesamtleitung: Holger Faust-Peters<\/span><\/p>\n","protected":false},"excerpt":{"rendered":"<p>Januar Freitag, 19.1. 2018, 9.40 und 11.30 | INTERNE VERANSTALTUNG | Gymnasium Monschau Der K\u00f6nig bittet zum Tanz \u2013 Geschichten vom Hof des Sonnenk\u00f6nigs Mareike Greb, Tanz | focus baroque: Holger Faust-Peters, Viola da gamba, Ir\u00e9n Lill, Cembalo M\u00e4rz Freitag, 2.3.2018, 20 Uhr | Trinitatiskirche, Bonn Endenich Werke von H\u00e4ndel, Telemann, Barber und Karlowicz f\u00fcr &hellip; <a href=\"https:\/\/faust-peters.de\/?page_id=383\" class=\"more-link\"><span class=\"screen-reader-text\">Termine 2018<\/span> weiterlesen<\/a><\/p>\n","protected":false},"author":1,"featured_media":0,"parent":0,"menu_order":0,"comment_status":"closed","ping_status":"closed","template":"","meta":[],"_links":{"self":[{"href":"https:\/\/faust-peters.de\/index.php?rest_route=\/wp\/v2\/pages\/383"}],"collection":[{"href":"https:\/\/faust-peters.de\/index.php?rest_route=\/wp\/v2\/pages"}],"about":[{"href":"https:\/\/faust-peters.de\/index.php?rest_route=\/wp\/v2\/types\/page"}],"author":[{"embeddable":true,"href":"https:\/\/faust-peters.de\/index.php?rest_route=\/wp\/v2\/users\/1"}],"replies":[{"embeddable":true,"href":"https:\/\/faust-peters.de\/index.php?rest_route=%2Fwp%2Fv2%2Fcomments&post=383"}],"version-history":[{"count":9,"href":"https:\/\/faust-peters.de\/index.php?rest_route=\/wp\/v2\/pages\/383\/revisions"}],"predecessor-version":[{"id":473,"href":"https:\/\/faust-peters.de\/index.php?rest_route=\/wp\/v2\/pages\/383\/revisions\/473"}],"wp:attachment":[{"href":"https:\/\/faust-peters.de\/index.php?rest_route=%2Fwp%2Fv2%2Fmedia&parent=383"}],"curies":[{"name":"wp","href":"https:\/\/api.w.org\/{rel}","templated":true}]}}