{"id":38,"date":"2017-10-29T12:34:10","date_gmt":"2017-10-29T12:34:10","guid":{"rendered":"http:\/\/faust-peters.de\/?page_id=38"},"modified":"2024-04-08T15:46:15","modified_gmt":"2024-04-08T15:46:15","slug":"kurse","status":"publish","type":"page","link":"https:\/\/faust-peters.de\/?page_id=38","title":{"rendered":"Kurse"},"content":{"rendered":"<p><span style=\"font-size: 18pt;\"><img decoding=\"async\" loading=\"lazy\" class=\"wp-image-213 aligncenter\" src=\"https:\/\/faust-peters.de\/wp-content\/uploads\/2017\/11\/Sternberg-300x225.jpg\" alt=\"\" width=\"453\" height=\"340\" srcset=\"https:\/\/faust-peters.de\/wp-content\/uploads\/2017\/11\/Sternberg-300x225.jpg 300w, https:\/\/faust-peters.de\/wp-content\/uploads\/2017\/11\/Sternberg-768x576.jpg 768w, https:\/\/faust-peters.de\/wp-content\/uploads\/2017\/11\/Sternberg-1024x768.jpg 1024w\" sizes=\"(max-width: 453px) 100vw, 453px\" \/><\/span><span style=\"font-size: 18pt; font-family: georgia, palatino, serif;\">in der Reihenfolge der Kurse<\/span><\/p>\n<p><span style=\"font-family: georgia, palatino, serif;\"><span style=\"font-size: 18pt;\"><span style=\"color: #ff6600;\">Sommerkurs in Springiersbach<\/span><br \/>\n<\/span><span style=\"font-size: 18pt;\"><span style=\"font-size: 14pt;\">14.-18.August 2024<\/span><\/span><span style=\"font-size: 18pt;\"><br \/>\n<\/span> Kurs f\u00fcr Continuospiel auf Gambe und Barockcello, solistische Gambenmusik, Gambenconsort. Einzel &#8211; und Gruppenunterricht. Holger Faust-Peters, Gambe und Barockcello in Zusammenarbeit mit Lucia Mense, Blockfl\u00f6te, Alexander Puliaev, Cembalo u.a.<\/span><\/p>\n<p><span style=\"font-family: georgia, palatino, serif;\"><span style=\"font-size: 12pt;\"><span style=\"font-size: 18pt;\"><span style=\"color: #ff6600;\">23. Altenberger Herbstkurs f\u00fcr Alte Musik<\/span><br \/>\n<\/span><\/span><span style=\"font-size: 14pt;\">3.-6. Oktober 2024<\/span><\/span><br \/>\n<span style=\"font-size: 12pt; font-family: georgia, palatino, serif;\"> Katrin Krau\u00df-Brandi, Blockfl\u00f6te<br \/>\nHolger Faust-Peters, Viola da gamba<br \/>\nAndr\u00e9 Henrich, Laute<br \/>\n<\/span><\/p>\n<p><span style=\"font-size: 18pt; color: #ff6600;\"><span style=\"font-family: georgia, palatino, serif;\">Gambenconsortkurse i<\/span><\/span><span style=\"font-family: georgia, palatino, serif;\"><span style=\"font-size: 18pt;\"><span style=\"color: #ff6600;\">n Bergisch Gladbach<\/span><br \/>\n<\/span><span style=\"font-size: 12pt;\">In unregelm\u00e4\u00dfigen Abst\u00e4nden biete ich in Bergisch Gladbach eint\u00e4gige Kurse f\u00fcr Gambenconsort an. In zwei Gruppen wird hier von 10 bis 18 Uhr an vorbereiteten St\u00fccken gearbeitet. Die Teilnehmerzahl schwankt zwischen 8 und 12. Ein gro\u00dfbesetztes Werk wird im Tutti gespielt.<\/span><\/span><br \/>\n<span style=\"font-size: 12pt; font-family: georgia, palatino, serif;\"> Die Kurse werden kurzfristig angeboten und nicht \u00f6ffentlich ausgeschrieben.<\/span><br \/>\n<span style=\"font-size: 12pt; font-family: georgia, palatino, serif;\"> Wer hier gerne mitmachen m\u00f6chte, kann mich gerne kontaktieren. Ich lade dann ein, wenn Termine feststehen.<\/span><\/p>\n","protected":false},"excerpt":{"rendered":"<p>in der Reihenfolge der Kurse Sommerkurs in Springiersbach 14.-18.August 2024 Kurs f\u00fcr Continuospiel auf Gambe und Barockcello, solistische Gambenmusik, Gambenconsort. Einzel &#8211; und Gruppenunterricht. Holger Faust-Peters, Gambe und Barockcello in Zusammenarbeit mit Lucia Mense, Blockfl\u00f6te, Alexander Puliaev, Cembalo u.a. 23. Altenberger Herbstkurs f\u00fcr Alte Musik 3.-6. Oktober 2024 Katrin Krau\u00df-Brandi, Blockfl\u00f6te Holger Faust-Peters, Viola da &hellip; <a href=\"https:\/\/faust-peters.de\/?page_id=38\" class=\"more-link\"><span class=\"screen-reader-text\">Kurse<\/span> weiterlesen<\/a><\/p>\n","protected":false},"author":1,"featured_media":0,"parent":0,"menu_order":0,"comment_status":"closed","ping_status":"closed","template":"","meta":[],"_links":{"self":[{"href":"https:\/\/faust-peters.de\/index.php?rest_route=\/wp\/v2\/pages\/38"}],"collection":[{"href":"https:\/\/faust-peters.de\/index.php?rest_route=\/wp\/v2\/pages"}],"about":[{"href":"https:\/\/faust-peters.de\/index.php?rest_route=\/wp\/v2\/types\/page"}],"author":[{"embeddable":true,"href":"https:\/\/faust-peters.de\/index.php?rest_route=\/wp\/v2\/users\/1"}],"replies":[{"embeddable":true,"href":"https:\/\/faust-peters.de\/index.php?rest_route=%2Fwp%2Fv2%2Fcomments&post=38"}],"version-history":[{"count":27,"href":"https:\/\/faust-peters.de\/index.php?rest_route=\/wp\/v2\/pages\/38\/revisions"}],"predecessor-version":[{"id":586,"href":"https:\/\/faust-peters.de\/index.php?rest_route=\/wp\/v2\/pages\/38\/revisions\/586"}],"wp:attachment":[{"href":"https:\/\/faust-peters.de\/index.php?rest_route=%2Fwp%2Fv2%2Fmedia&parent=38"}],"curies":[{"name":"wp","href":"https:\/\/api.w.org\/{rel}","templated":true}]}}