{"id":34,"date":"2017-10-29T12:31:57","date_gmt":"2017-10-29T12:31:57","guid":{"rendered":"http:\/\/faust-peters.de\/?page_id=34"},"modified":"2022-02-14T14:42:15","modified_gmt":"2022-02-14T14:42:15","slug":"biografie","status":"publish","type":"page","link":"https:\/\/faust-peters.de\/?page_id=34","title":{"rendered":"Biografie"},"content":{"rendered":"<p><span style=\"font-family: georgia,palatino,serif;\">Studium Violoncello und Barockcello in K\u00f6ln; Viola da gamba bei Hermann Hickethier, M\u00fcnster und Paolo Pandolfo, Basel; Fidel bei Randall Cook, Basel. Privatstudium Musik des Sp\u00e4tmittelalters bei Maurice van Lieshout, Den Haag.<\/span><\/p>\n<p><img decoding=\"async\" loading=\"lazy\" class=\"wp-image-184 alignright\" src=\"https:\/\/faust-peters.de\/wp-content\/uploads\/2017\/10\/2014-Halle-von-Martin-300x300.jpg\" alt=\"\" width=\"431\" height=\"431\" srcset=\"https:\/\/faust-peters.de\/wp-content\/uploads\/2017\/10\/2014-Halle-von-Martin-300x300.jpg 300w, https:\/\/faust-peters.de\/wp-content\/uploads\/2017\/10\/2014-Halle-von-Martin-150x150.jpg 150w, https:\/\/faust-peters.de\/wp-content\/uploads\/2017\/10\/2014-Halle-von-Martin-768x768.jpg 768w, https:\/\/faust-peters.de\/wp-content\/uploads\/2017\/10\/2014-Halle-von-Martin-1024x1024.jpg 1024w\" sizes=\"(max-width: 431px) 100vw, 431px\" \/><\/p>\n<p><span style=\"font-family: georgia,palatino,serif;\">Kurse bei Wieland Kuijken, Pedro Memelsdorff, Michael Posch, Wolfgang Eggers, Heiner Spicker sowie bei Johannes Fritsch, Mauricio Kagel und Siegfried Palm (Interpretation zeitgen\u00f6ssischer Musik). Verschiedene Improvisationskurse.<\/span><\/p>\n<p><span style=\"font-family: georgia,palatino,serif;\">Preistr\u00e4ger beim Internationalen Bach-Abel-Wettbewerb f\u00fcr Gambe in K\u00f6then 2000.<\/span><\/p>\n<p><span style=\"font-family: georgia,palatino,serif;\">Internationale Konzertt\u00e4tigkeit neben den eigenen Ensembles mit Michael Chance, Paolo Pandolfo, Hermann Max, Concerto K\u00f6ln, Harmonie Universelle , K\u00f6lner Akademie , alla polacca, Schola Stralsundensis auf Festivals in Deutschland, den Niederlanden, Spanien, Frankreich, Estland, Polen, Tschechien und Rum\u00e4nien. Gefragter Gambist in barocken Opernproduktionen sowie bei Bach-Passionen u.\u00e4.<\/span><\/p>\n<p><span style=\"font-family: georgia,palatino,serif;\">Urauff\u00fchrung zahlreicher Werke f\u00fcr Gambe u.a. von hans w. koch, Hae-Kyung Choi, Dora Cojocaru, Holger Faust-Peters. Werke von Cage, Stockhausen, Kagel in Bearbeitungen f\u00fcr gemini (Gambe und Laute). Konzerte mit zeitgen\u00f6ssischer Musik u.a. mit dem notabu-Ensemble D\u00fcsseldorf und der Krahnenbaum-Company K\u00f6ln.<\/span><\/p>\n<p><span style=\"font-family: georgia,palatino,serif;\">Unterrichtet an der Musikschule Bergisch-Gladbach Cello und Gambe, Leiter des Fachbereichs Streicher und Dirigent des Kammerorchesters der Musikschule. 2009 \/ 2010 Gastdozent an den Musikhochschulen Frankfurt \/ M und Saarbr\u00fccken. Leiter des Altenberger Herbstkurses f\u00fcr Alte Musik seit 2001; Gambenconsortkurse; <\/span><span style=\"font-family: georgia,palatino,serif;\">Dozent beim Wittenberger Renaissance-Musikfestival und bei den Sommerkursen Springiersbach.<br \/>\n<\/span><\/p>\n<p><span style=\"font-family: georgia, palatino, serif; font-size: 8pt;\">Foto: Matin Erhardt<\/span><\/p>\n","protected":false},"excerpt":{"rendered":"<p>Studium Violoncello und Barockcello in K\u00f6ln; Viola da gamba bei Hermann Hickethier, M\u00fcnster und Paolo Pandolfo, Basel; Fidel bei Randall Cook, Basel. Privatstudium Musik des Sp\u00e4tmittelalters bei Maurice van Lieshout, Den Haag. Kurse bei Wieland Kuijken, Pedro Memelsdorff, Michael Posch, Wolfgang Eggers, Heiner Spicker sowie bei Johannes Fritsch, Mauricio Kagel und Siegfried Palm (Interpretation zeitgen\u00f6ssischer &hellip; <a href=\"https:\/\/faust-peters.de\/?page_id=34\" class=\"more-link\"><span class=\"screen-reader-text\">Biografie<\/span> weiterlesen<\/a><\/p>\n","protected":false},"author":1,"featured_media":0,"parent":0,"menu_order":0,"comment_status":"closed","ping_status":"closed","template":"","meta":[],"_links":{"self":[{"href":"https:\/\/faust-peters.de\/index.php?rest_route=\/wp\/v2\/pages\/34"}],"collection":[{"href":"https:\/\/faust-peters.de\/index.php?rest_route=\/wp\/v2\/pages"}],"about":[{"href":"https:\/\/faust-peters.de\/index.php?rest_route=\/wp\/v2\/types\/page"}],"author":[{"embeddable":true,"href":"https:\/\/faust-peters.de\/index.php?rest_route=\/wp\/v2\/users\/1"}],"replies":[{"embeddable":true,"href":"https:\/\/faust-peters.de\/index.php?rest_route=%2Fwp%2Fv2%2Fcomments&post=34"}],"version-history":[{"count":11,"href":"https:\/\/faust-peters.de\/index.php?rest_route=\/wp\/v2\/pages\/34\/revisions"}],"predecessor-version":[{"id":507,"href":"https:\/\/faust-peters.de\/index.php?rest_route=\/wp\/v2\/pages\/34\/revisions\/507"}],"wp:attachment":[{"href":"https:\/\/faust-peters.de\/index.php?rest_route=%2Fwp%2Fv2%2Fmedia&parent=34"}],"curies":[{"name":"wp","href":"https:\/\/api.w.org\/{rel}","templated":true}]}}