{"id":141,"date":"2017-11-03T09:19:01","date_gmt":"2017-11-03T09:19:01","guid":{"rendered":"http:\/\/faust-peters.de\/?page_id=141"},"modified":"2017-11-03T10:00:00","modified_gmt":"2017-11-03T10:00:00","slug":"gemini","status":"publish","type":"page","link":"https:\/\/faust-peters.de\/?page_id=141","title":{"rendered":"gemini"},"content":{"rendered":"<p><span style=\"font-family: georgia,palatino,serif;\">Zwillinge sind die beiden Musiker Holger Faust-Peters und Andr\u00e9 Henrich auch aus astrologischer Sicht &#8211; wesentlich aber ist die enge Verwandtschaft ihrer Instrumente Viola da gamba und Laute.<\/span><\/p>\n<p><span style=\"font-family: georgia,palatino,serif;\">Die erlebten zwischen dem 16. und 18. Jahrhundert in allen europ\u00e4ischen Musikzentren Bl\u00fctezeiten: So erregten Virtuosen beider Instrumente bereits ab der ausgehenden Renaissancezeit im italienischen Raum gro\u00dfes Aufsehen; im England des 17. Jahrhunderts geh\u00f6rte es zum guten Ton, im Gambenconsort zu spielen oder sich beim Gesang selbst auf der Laute zu begleiten; das kulturelle Leben am Hofe des Sonnenk\u00f6nigs Louis XIV w\u00e4re ohne beide &#8211; sowohl solistisch als auch im Basso Continuo &#8211; undenkbar; und mit Bach und Abel verhalfen ihnen Komponisten auf der Schwelle vom Barock zum Galanten Stil auch in Deutschland zu sp\u00e4tem Ruhm.<\/span><\/p>\n<p><span style=\"font-family: georgia,palatino,serif;\"><strong><em>gemini<\/em><\/strong> &#8211; ein Titel aus Stockhausens \u201eTierkreis\u201c &#8211; steht aber auch f\u00fcr das Engagement des Duos f\u00fcr zeitgen\u00f6ssische Musik. Neben Realisierungen und Bearbeitungen bestehender Werke des sp\u00e4ten 20. Jahrhunderts ist ein wichtiger Schwerpunkt des Ensembles der lebendige Kontakt zu Komponisten. So entstanden bereits mehrere <em>gemini <\/em>gewidmete St\u00fccke, die den Instrumenten neue Klangwelten erschlie\u00dfen und deren Ausdrucksbreite noch erweitern.<\/span><\/p>\n<p><span style=\"font-family: georgia,palatino,serif;\">In diesem Spannungsfeld zwischen Alter und Neuer Musik bietet <strong><em>gemini<\/em><\/strong> ausgefallene Programme mit Werken von Ortiz und Frescobaldi \u00fcber Dowland, Marais bis hin zu Cage, Stockhausen und Komponisten der ganz jungen Generation.<\/span><\/p>\n<p><span style=\"font-family: georgia,palatino,serif;\">Der besondere Reiz liegt dabei immer im faszinierenden Klang \u201evoll sch\u00f6ner Verhaltenheit\u201c der Instrumente.<\/span><\/p>\n<p>&nbsp;<\/p>\n","protected":false},"excerpt":{"rendered":"<p>Zwillinge sind die beiden Musiker Holger Faust-Peters und Andr\u00e9 Henrich auch aus astrologischer Sicht &#8211; wesentlich aber ist die enge Verwandtschaft ihrer Instrumente Viola da gamba und Laute. Die erlebten zwischen dem 16. und 18. Jahrhundert in allen europ\u00e4ischen Musikzentren Bl\u00fctezeiten: So erregten Virtuosen beider Instrumente bereits ab der ausgehenden Renaissancezeit im italienischen Raum gro\u00dfes &hellip; <a href=\"https:\/\/faust-peters.de\/?page_id=141\" class=\"more-link\"><span class=\"screen-reader-text\">gemini<\/span> weiterlesen<\/a><\/p>\n","protected":false},"author":1,"featured_media":0,"parent":0,"menu_order":0,"comment_status":"closed","ping_status":"closed","template":"","meta":[],"_links":{"self":[{"href":"https:\/\/faust-peters.de\/index.php?rest_route=\/wp\/v2\/pages\/141"}],"collection":[{"href":"https:\/\/faust-peters.de\/index.php?rest_route=\/wp\/v2\/pages"}],"about":[{"href":"https:\/\/faust-peters.de\/index.php?rest_route=\/wp\/v2\/types\/page"}],"author":[{"embeddable":true,"href":"https:\/\/faust-peters.de\/index.php?rest_route=\/wp\/v2\/users\/1"}],"replies":[{"embeddable":true,"href":"https:\/\/faust-peters.de\/index.php?rest_route=%2Fwp%2Fv2%2Fcomments&post=141"}],"version-history":[{"count":2,"href":"https:\/\/faust-peters.de\/index.php?rest_route=\/wp\/v2\/pages\/141\/revisions"}],"predecessor-version":[{"id":168,"href":"https:\/\/faust-peters.de\/index.php?rest_route=\/wp\/v2\/pages\/141\/revisions\/168"}],"wp:attachment":[{"href":"https:\/\/faust-peters.de\/index.php?rest_route=%2Fwp%2Fv2%2Fmedia&parent=141"}],"curies":[{"name":"wp","href":"https:\/\/api.w.org\/{rel}","templated":true}]}}