{"id":114,"date":"2017-11-03T08:52:17","date_gmt":"2017-11-03T08:52:17","guid":{"rendered":"http:\/\/faust-peters.de\/?page_id=114"},"modified":"2017-11-25T17:44:01","modified_gmt":"2017-11-25T17:44:01","slug":"termine-2016","status":"publish","type":"page","link":"https:\/\/faust-peters.de\/?page_id=114","title":{"rendered":"Termine 2016"},"content":{"rendered":"<p><span style=\"font-family: georgia,palatino,serif; font-size: 18pt;\">Januar 2016<\/span><\/p>\n<p><span style=\"font-family: georgia,palatino,serif;\">16.01.16, 19.30 Uhr | LWL Museum f\u00fcr Kunst und Kultur M\u00fcnster<\/span><br \/>\n<span style=\"font-family: georgia,palatino,serif;\"> BilderH\u00f6ren #1<\/span><br \/>\n<span style=\"font-family: georgia,palatino,serif;\"> G\u00f6tter, Mythen &amp; Romanzen<\/span><br \/>\n<span style=\"font-family: georgia,palatino,serif;\"> Arianna Savall, Sopran und Harfe<\/span><br \/>\n<span style=\"font-family: georgia,palatino,serif;\"> Petter Udland Johansen, Tenor und Cister<\/span><br \/>\n<span style=\"font-family: georgia,palatino,serif;\"> Thomas K\u00fcgler, Block- und Traversfl\u00f6te<\/span><br \/>\n<span style=\"font-family: georgia,palatino,serif;\"> Holger Faust-Peters, Diskant &#8211; und Bassgambe<\/span><br \/>\n<span style=\"font-family: georgia,palatino,serif;\"> Frauke Hess, Lirone und Bassgambe<\/span><br \/>\n<span style=\"font-family: georgia,palatino,serif;\"> Michael Freimuth, Laute<\/span><br \/>\n<span style=\"font-family: georgia,palatino,serif;\"> 17.01.16, 16 Uhr| Rathaus Bensberg<\/span><br \/>\n<span style=\"font-family: georgia,palatino,serif;\"> Saitw\u00e4rts<\/span><br \/>\n<span style=\"font-family: georgia,palatino,serif;\"> Konzert des Streicherkollegiums der St\u00e4dtischen Max-Bruch-Musikschule Bergisch Gladbach<\/span><br \/>\n<span style=\"font-family: georgia,palatino,serif;\"> Musik aus 4 Jahrhunderten vom Kammerorchester bis zum Solo.<\/span><\/p>\n<p><span style=\"font-family: georgia,palatino,serif;\">23.01.16, 14 Uhr | Musikschule Bergisch Gladbach<\/span><br \/>\n<span style=\"font-family: georgia,palatino,serif;\"> Vorbereitungskonzert Jugend Musiziert<\/span><br \/>\n<span style=\"font-family: georgia,palatino,serif;\"> u.a. Ensemble f\u00fcr Alte Musik, Ltg Holger Faust-Peters.<\/span><br \/>\n<span style=\"font-family: georgia,palatino,serif;\"> Werke aus Mittelalter und Renaissance.<\/span><\/p>\n<p><span style=\"font-family: georgia,palatino,serif; font-size: 18pt;\">M\u00e4rz 2016<\/span><\/p>\n<p><span style=\"font-family: georgia,palatino,serif;\">20.03.2016, 20 Uhr | K\u00f6lner Philharmonie<\/span><br \/>\n<span style=\"font-family: georgia,palatino,serif;\"> Bach, Johannespassion<\/span><br \/>\n<span style=\"font-family: georgia,palatino,serif;\"> mit dem C\u00f6lner Barockorchester und namhaften Solisten<\/span><br \/>\n<span style=\"font-family: georgia,palatino,serif;\"> 21.03.16, 19.30 Uhr | Technologiepark Bergisch Gladbach<\/span><br \/>\n<span style=\"font-family: georgia,palatino,serif;\"> Vernissage der Ausstellung &#8222;&#8230;auftauchen&#8230;&#8220;<\/span><br \/>\n<span style=\"font-family: georgia,palatino,serif;\"> Musik: Holger Faust-Peters, Viola da gamba. Werke von Dubuisson, Pandolfo und Faust-Peters<\/span><\/p>\n<p><span style=\"font-family: georgia,palatino,serif;\">23.03.2016, 20 Uhr und<\/span><br \/>\n<span style=\"font-family: georgia,palatino,serif;\"> 25.03.2016, 11 Uhr | Vers\u00f6hnungskirche, K\u00f6ln Holweide<\/span><br \/>\n<span style=\"font-family: georgia,palatino,serif;\"> Couperin, Le\u00e7on de tenebre<\/span><br \/>\n<span style=\"font-family: georgia,palatino,serif;\"> eingebettet in Andachten<\/span><br \/>\n<span style=\"font-family: georgia,palatino,serif;\"> Gela Birkenstaedt, Sopran<\/span><br \/>\n<span style=\"font-family: georgia,palatino,serif;\"> Holger Faust-Peterts, Viola da gamba<\/span><br \/>\n<span style=\"font-family: georgia,palatino,serif;\"> Mechthild Brand, Orgel<\/span><\/p>\n<p><span style=\"font-family: georgia,palatino,serif; font-size: 18pt;\">Juni 2016<\/span><\/p>\n<p><span style=\"font-family: georgia,palatino,serif;\">11.06.2016, 16 Uhr | Integrierte Gesamtschule Paffrath, Borngasse 86, 51469 Bergisch Gladbach<\/span><br \/>\n<span style=\"font-family: georgia,palatino,serif;\"> Frisch gestrichen<\/span><br \/>\n<span style=\"font-family: georgia,palatino,serif;\"> Konzert der Streichorchester der St\u00e4dtischen Max-Bruch-Musikschule Bergisch Galdbach<\/span><br \/>\n<span style=\"font-family: georgia,palatino,serif;\"> U.a. die Saitent\u00e4nzer, Ltg. Holger Faust-Peters<\/span><br \/>\n<span style=\"font-family: georgia,palatino,serif;\"> Werke u.a. von H\u00e4ndel, Delalande und Mancini<\/span><\/p>\n<p><span style=\"font-family: georgia,palatino,serif; font-size: 18pt;\">Juli 2016<\/span><\/p>\n<p><span style=\"font-family: georgia,palatino,serif;\">23.07.2016, 16 Uhr | Kapitelsaal Karmeliterkloster Springiersbach<\/span><br \/>\n<span style=\"font-family: georgia,palatino,serif;\"> Dozentenkonzert Springierbacher Sommerkurse<\/span><br \/>\n<span style=\"font-family: georgia,palatino,serif;\"> mit Lucia Mense, Blockfl\u00f6te<\/span><br \/>\n<span style=\"font-family: georgia,palatino,serif;\"> Florian Deuter, Barockvioline<\/span><br \/>\n<span style=\"font-family: georgia,palatino,serif;\"> Holger Fasut-Peters, Viola da gamba<\/span><br \/>\n<span style=\"font-family: georgia,palatino,serif;\"> Alexander Puliaev, Cembalo und Hammerklavier<\/span><br \/>\n<span style=\"font-family: georgia,palatino,serif;\"> Katsia Prakopchyk, Barockmandoline<\/span><\/p>\n<p><span style=\"font-family: georgia,palatino,serif; font-size: 18pt;\">September 2016<\/span><\/p>\n<p><span style=\"font-family: georgia,palatino,serif;\">16.09.2016, 19.30 Uhr | Alte Kirche Bergisch Gladbach-Refrath<\/span><br \/>\n<span style=\"font-family: georgia,palatino,serif;\"> Apoth\u00e9ose de Lully<\/span><br \/>\n<span style=\"font-family: georgia,palatino,serif;\"> Stephan Schardt, Violine<\/span><br \/>\n<span style=\"font-family: georgia,palatino,serif;\"> Holger Faust-Peters, Gambe<\/span><br \/>\n<span style=\"font-family: georgia,palatino,serif;\"> Elisabeth Wand, Violoncello<\/span><br \/>\n<span style=\"font-family: georgia,palatino,serif;\"> Sonja Kemnitzer, Cembalo<\/span><br \/>\n<span style=\"font-family: georgia,palatino,serif;\"> Kammermusik von Couperin, Leclair, de la Guerre, Rameau, Forqueray<\/span><br \/>\n<span style=\"font-family: georgia,palatino,serif;\"> 30.09.2016, 19.30 Uhr | St. Pankratius, Odenthal<\/span><br \/>\n<span style=\"font-family: georgia,palatino,serif;\"> Er\u00f6ffnungskonzert 15. Altenberger Herbstkurs f\u00fcr Alte Musik<\/span><br \/>\n<span style=\"font-family: georgia,palatino,serif;\"> mit Katrin Krau\u00df, Blockfl\u00f6te<\/span><br \/>\n<span style=\"font-family: georgia,palatino,serif;\"> Holger Faust-Peters, Viola da gamba<\/span><br \/>\n<span style=\"font-family: georgia,palatino,serif;\"> Andr\u00e9 Henrich, Laute<\/span><\/p>\n<p><span style=\"font-family: georgia,palatino,serif; font-size: 18pt;\">November 2016<\/span><\/p>\n<p><span style=\"font-family: georgia,palatino,serif;\">05.11.2016, 20.00 Uhr | Katholische Kirche Grunewald, Wermelskirchen<\/span><br \/>\n<span style=\"font-family: georgia,palatino,serif;\"> 06.11.2016,\u00a019.00 Uhr | St. Aposteln, K\u00f6ln<\/span><br \/>\n<span style=\"font-family: georgia,palatino,serif;\"> Emilio Cavalieri: rappresentatione di anima et di corpo<\/span><\/p>\n<p><span style=\"font-family: georgia,palatino,serif;\">11.11.2016, 19.00 Uhr | Ev. Kirche K\u00fcrten Delling<\/span><br \/>\n<span style=\"font-family: georgia,palatino,serif;\"> musicam habe ich allzeit lieb gehabt<\/span><br \/>\n<span style=\"font-family: georgia,palatino,serif;\"> Konzert zum Namenstag von Martin Luther<\/span><br \/>\n<span style=\"font-family: georgia,palatino,serif;\"> Fortuna Canta:<\/span><br \/>\n<span style=\"font-family: georgia,palatino,serif;\"> Stefanie Brijoux &#8211; Sopran, Katrin Krau\u00df &#8211; Blockfl\u00f6te, Ute Faust und Holger Faust-Peters &#8211; Renaissacegamben<\/span><br \/>\n<span style=\"font-family: georgia,palatino,serif;\"> Ralph Knapp liest Zitate aus Luthers Tischreden<\/span><\/p>\n<p><span style=\"font-family: georgia,palatino,serif;\">20.11.2016, 17.00 Uhr | B\u00fcrgerhaus Bergischer L\u00f6we, Bergisch Gladbach<\/span><br \/>\n<span style=\"font-family: georgia,palatino,serif;\"> Wahrheit oder L\u00fcge<\/span><br \/>\n<span style=\"font-family: georgia,palatino,serif;\"> Bergische Erz\u00e4hlkonzerte<\/span><br \/>\n<span style=\"font-family: georgia,palatino,serif;\"> M\u00e4rchen f\u00fcr Kinder ab 5 Jahren und Musik des Mittelalters<\/span><br \/>\n<span style=\"font-family: georgia,palatino,serif;\"> Veronika H\u00f6fele, Erz\u00e4hlerin; Holger Faust-Peters, Fidel und Organetto; Ute Faust, Blockfl\u00f6te und Fidel<\/span><\/p>\n<p><span style=\"font-family: georgia,palatino,serif; font-size: 18pt;\">Dezember 2016<\/span><\/p>\n<p><span style=\"font-family: georgia,palatino,serif;\">13.12.2016, 19.00 Uhr | Kirche zum Frieden Gottes, Bergisch Gladbach<\/span><br \/>\n<span style=\"font-family: georgia,palatino,serif;\"> Der Himmel voller Geigen<\/span><br \/>\n<span style=\"font-family: georgia,palatino,serif;\"> Weihnachtskonzert der Musikschule Bergisch Gladbach<\/span><br \/>\n<span style=\"font-family: georgia,palatino,serif;\"> Streichorchester, Ch\u00f6re und Kammermusik<\/span><br \/>\n<span style=\"font-family: georgia,palatino,serif;\"> Werke u.a. von Donizetti und Corelli<\/span><br \/>\n<span style=\"font-family: georgia,palatino,serif;\"> Gesamtleitung: Holger Faust-Peters<\/span><\/p>\n<p><span style=\"font-family: georgia,palatino,serif;\">16.12.2016, 18.00 Uhr | Kirche K\u00fcrten D\u00fcrscheid<\/span><br \/>\n<span style=\"font-family: georgia,palatino,serif;\"> Familienkonzert<\/span><br \/>\n<span style=\"font-family: georgia,palatino,serif;\"> Die Saitent\u00e4nzer, Orchester der Musikschule Bergisch Gladbach, Leitung Holger Faust-Peters<\/span><br \/>\n<span style=\"font-family: georgia,palatino,serif;\"> Die D\u00fcrscheider Kirchbergspatzen, Kinderchor, Leitung Ute Faust<\/span><br \/>\n<span style=\"font-family: georgia,palatino,serif;\"> Landimini, Ensemble f\u00fcr Alte Musik, Leitung Holger Faust-Peters<\/span><br \/>\n<span style=\"font-family: georgia,palatino,serif;\"> Stefan Barde, Orgel<\/span><br \/>\n<span style=\"font-family: georgia,palatino,serif;\"> Adventsmusik sowie Werke von Donizetti, Corelli, Machaut u.a.<\/span><\/p>\n","protected":false},"excerpt":{"rendered":"<p>Januar 2016 16.01.16, 19.30 Uhr | LWL Museum f\u00fcr Kunst und Kultur M\u00fcnster BilderH\u00f6ren #1 G\u00f6tter, Mythen &amp; Romanzen Arianna Savall, Sopran und Harfe Petter Udland Johansen, Tenor und Cister Thomas K\u00fcgler, Block- und Traversfl\u00f6te Holger Faust-Peters, Diskant &#8211; und Bassgambe Frauke Hess, Lirone und Bassgambe Michael Freimuth, Laute 17.01.16, 16 Uhr| Rathaus Bensberg Saitw\u00e4rts &hellip; <a href=\"https:\/\/faust-peters.de\/?page_id=114\" class=\"more-link\"><span class=\"screen-reader-text\">Termine 2016<\/span> weiterlesen<\/a><\/p>\n","protected":false},"author":1,"featured_media":0,"parent":0,"menu_order":0,"comment_status":"closed","ping_status":"closed","template":"","meta":[],"_links":{"self":[{"href":"https:\/\/faust-peters.de\/index.php?rest_route=\/wp\/v2\/pages\/114"}],"collection":[{"href":"https:\/\/faust-peters.de\/index.php?rest_route=\/wp\/v2\/pages"}],"about":[{"href":"https:\/\/faust-peters.de\/index.php?rest_route=\/wp\/v2\/types\/page"}],"author":[{"embeddable":true,"href":"https:\/\/faust-peters.de\/index.php?rest_route=\/wp\/v2\/users\/1"}],"replies":[{"embeddable":true,"href":"https:\/\/faust-peters.de\/index.php?rest_route=%2Fwp%2Fv2%2Fcomments&post=114"}],"version-history":[{"count":4,"href":"https:\/\/faust-peters.de\/index.php?rest_route=\/wp\/v2\/pages\/114\/revisions"}],"predecessor-version":[{"id":293,"href":"https:\/\/faust-peters.de\/index.php?rest_route=\/wp\/v2\/pages\/114\/revisions\/293"}],"wp:attachment":[{"href":"https:\/\/faust-peters.de\/index.php?rest_route=%2Fwp%2Fv2%2Fmedia&parent=114"}],"curies":[{"name":"wp","href":"https:\/\/api.w.org\/{rel}","templated":true}]}}